{"id":1660,"date":"2020-01-06T18:10:45","date_gmt":"2020-01-06T17:10:45","guid":{"rendered":"https:\/\/svenskiptv.com\/?page_id=1660"},"modified":"2023-09-12T09:07:03","modified_gmt":"2023-09-12T07:07:03","slug":"faq","status":"publish","type":"page","link":"https:\/\/iptvnorge.is\/sv\/faq\/","title":{"rendered":"FAQ"},"content":{"rendered":"\n\t<h1>FAQ<\/h1>\n<h3><\/h3>\n<h3><a href=\"http:\/\/svenskiptv.com\/vilken-iptv-ar-bast\"><strong>Vilken IPTV \u00e4r b\u00e4st?<\/strong><\/a><\/h3>\n<p>Detta \u00e4r sj\u00e4lvklart en fr\u00e5ga som b\u00f6r besvaras helt opartiskt. Vi vill ju sj\u00e4lvklart s\u00e4ga att vi sj\u00e4lva \u00e4r b\u00e4st. Dock s\u00e5 finns det en hemsida som har listat alla de b\u00e4sta IPTV leverant\u00f6rerna. Klicka p\u00e5 rubriken ovan f\u00f6r att komma till artikeln och hemsidan.<\/p>\n<h3><a href=\"https:\/\/svenskiptv.com\/hur-fungerar-iptv\/\"><strong>Hur fungerar IPTV?<\/strong><\/a><\/h3>\n<p>Du b\u00f6rjar med att k\u00f6pa tillg\u00e5ng till nordens b\u00e4sta server fr\u00e5n oss. Resten tar vi efter\u00e5t! \ud83d\ude42<\/p>\n<h3><a href=\"http:\/\/svenskiptv.com\/vad-ar-iptv\/\"><strong>Vad \u00e4r IPTV?<\/strong><\/a><\/h3>\n<p>IPTV \u00e4r TV genom internet. F\u00f6rr i tiden s\u00e5g man p\u00e5 TV via kabel-tv n\u00e4tet.<\/p>\n<h3><a href=\"http:\/\/svenskiptv.com\/hur-kopplar-man-iptv\/\"><strong>Hur kopplar man IPTV?<\/strong><\/a><\/h3>\n<p><a href=\"https:\/\/svenskiptv.com\/instruktioner\/\">H\u00e4r ser du hur du f\u00e5r ig\u00e5ng kanalerna p\u00e5 den enhet du har hemma.<\/a><\/p>\n<h3><a href=\"http:\/\/svenskiptv.com\/hur-far-man-text-pa-iptv\/\"><strong>Hur f\u00e5r man text p\u00e5 IPTV?<\/strong><\/a><\/h3>\n<p>Det flesta i v\u00e5rt utbud kommer med undertexter. Det \u00e4r tyv\u00e4rr inte alla kanaler som kommer med text.<\/p>\n<h3><a href=\"http:\/\/svenskiptv.com\/vad-star-iptv-for\/\"><strong>Vad st\u00e5r IPTV f\u00f6r?<\/strong><\/a><\/h3>\n<p>IPTV st\u00e5r f\u00f6r Internet Protocol Television.<\/p>\n<h3><a href=\"http:\/\/svenskiptv.com\/vad-kostar-iptv\/\"><strong>Vad kostar IPTV?<\/strong><\/a><\/h3>\n<p>Priset p\u00e5 IPTV abonnemang eller r\u00e4ttare sagt kanalpaket varierar stort. V\u00e5rt pris \u00e4r 1300kr\/\u00e5r. <\/p>\n<h3><strong>Vad kr\u00e4vs f\u00f6r IPTV?<\/strong><\/h3>\n<p>F\u00f6r att se IPTV beh\u00f6ver du bara en IPTV box, Smart TV eller annan enhet som kan kopplas upp mot internet samt konvertera M3U l\u00e4nkar till bild och\/eller en portal d\u00e4r man kan koppla upp sig mot v\u00e5ran server.\u00a0<\/p>\n<h3><strong>Vad \u00e4r IPTV box?<\/strong><\/h3>\n<p>En IPTV box \u00e4r en liten manick som \u00e4r precis som det l\u00e5ter. N\u00e4mligen en lite l\u00e5da som anv\u00e4nds f\u00f6r att omvandla internet signaler till en TV bild.\u00a0<\/p>\n<h3><strong>Hur snabbt bredband beh\u00f6vs f\u00f6r IPTV?<\/strong><\/h3>\n<p>Hastigheten p\u00e5 bredbandet \u00e4r mindre viktig s\u00e5 l\u00e4nge den \u00f6verskrider 30mbit\/s i nedladdningshastighet. Det viktiga \u00e4r svarstiden eller Ping som det ocks\u00e5 kallas. Ju h\u00f6gre den \u00e4r desto s\u00e4mre \u00e4r det. Man vill helst ha en svarstid p\u00e5 max 10ms.<\/p>\n<h3><strong>Hur fungerar Smart IPTV?<\/strong><\/h3>\n<p>Smart IPTV \u00e4r en app som vi dessv\u00e4rre inte l\u00e4ngre rekommenderar. Vill du \u00e4nd\u00e5 veta hur den fungerar s\u00e5 kan du se det l\u00e4ngst ned p\u00e5 denna sida. <a href=\"https:\/\/svenskiptv.com\/iptv-med-smart-tv\/\">IPTV med smart tv<\/a>.<\/p>\n<h3><strong>Vilken IPTV ska jag v\u00e4lja?<\/strong><\/h3>\n<p>Vi vill sj\u00e4lvklart att du ska v\u00e4lja oss. Men om vi l\u00e4gger v\u00e5rt egna intresse \u00e5t sidan s\u00e5 b\u00f6r du t\u00e4nka s\u00e5 h\u00e4r. Vad \u00e4r jag ute efter? Skandinaviska kanaler eller kanaler fr\u00e5n asien och mellan\u00f6stern?<\/p>\n<p>Beroende p\u00e5 vad ditt svar \u00e4r s\u00e5 b\u00f6r du v\u00e4lja leverant\u00f6r efter det svaret. IPTV tj\u00e4nster \u00e4r bra p\u00e5 att ge dig ett stort utbud med det flesta. Dock inte med allt.<\/p>\n<h3><strong>Kan jag se p\u00e5 flera enheter?<\/strong><\/h3>\n<p>Ja det kan du. Du kan dock inte se p\u00e5 fler \u00e4n en (1) enhet \u00e5t g\u00e5ngen om du inte tecknar ett dubbel- eller trippel-abonnemang.<\/p>\n<h3><strong>\u00c4r detta lagligt?<\/strong><\/h3>\n<p>Denna fr\u00e5ga dyker ofta upp. Det \u00e4r lite av en gr\u00e5zon n\u00e4r det g\u00e4ller IPTV. Det \u00e4r olagligt att s\u00e4lja kanalerna, dock \u00e4r det inte olagligt f\u00f6r dig som kund att streama kanaler som avkodas i ett annat land.<\/p>\n<p>Med andra ord \u00e4r det olagligt att avkoda kanaler hemma. Det g\u00f6r dock ingen av v\u00e5ra kunder eftersom att avkodningen sker utomlands i l\u00e4nder d\u00e4r det \u00e4r lagligt. D\u00e4rifr\u00e5n streamas sedan detta vidare till oss i Sverige.<\/p>\n<h3><strong>Hur har ni s\u00e5 m\u00e5nga kanaler?<\/strong><\/h3>\n<p>Vi streamer v\u00e5ra kanler fr\u00e5n det stora leverant\u00f6rerna runt om i v\u00e4rlden. P\u00e5 detta s\u00e4tt blir det ca 10x billigare f\u00f6r slutkunden. Med andra ord hade de stora TV-bolagen kunnat s\u00e4nka sina kostnader med ca 6-7x och \u00e4nd\u00e5 gjort en bra vinst.\u00a0<\/p>\n<p>Problemet \u00e4r att de stora bolagen prioriter h\u00f6ga vinster \u00f6ver sina kunder.<\/p>\n<h3><strong>EPG visar fel!<\/strong><\/h3>\n<p>Det kan h\u00e4nda att EPGn visar fel ibland. Detta h\u00e4nder dock v\u00e4ldigt s\u00e4llan, om EPGn visar fel beror det antingen p\u00e5 att du m\u00e5ste starta om din enhet, ladda om kanalerna eller uppdatera din EPG. Du uppdaterar din EPG i inst\u00e4llningar i appen du anv\u00e4nder.<\/p>\n<h3><strong>Felmeddelande (Stream error, No data found\/0 Channels found)<\/strong><\/h3>\n<p>Detta felmeddelande visas i appen GSE Smart IPTV n\u00e4r appen inte f\u00e5r kontakt med v\u00e5ra servrar. I ca 90% av fallen beror det p\u00e5 din box eller din internet anslutning. Detta problem avhj\u00e4lps i 9 av 10 fall genom att dra ut elsladden till din box och sedan stoppa in den igen. Om problemet inte l\u00f6ser sig skall du genomf\u00f6ra ett funktionstest. <a href=\"https:\/\/www.svenskiptv.com\/funktionstest\/\">H\u00e4r hittar du funktionstestet<\/a>.<\/p>\n<h3><strong>Varf\u00f6r f\u00e5r jag inte testa gratis flera g\u00e5nger?<\/strong><\/h3>\n<p>Vi har periodvis v\u00e4ldigt mycket att g\u00f6ra. V\u00e5r support \u00e4r n\u00e4stan alltid belastad med fr\u00e5gor\/funderingar fr\u00e5n kunder. Vi vill prioritera v\u00e5ra befintliga kunder. N\u00e4r man som potentiell kund vill testa v\u00e5ra kanaler hj\u00e4lper vi g\u00e4rna till. Vi g\u00f6r detta kostnadsfritt och vi ger \u00e4ven personen i fr\u00e5ga m\u00f6jlighet att kostnadsfritt f\u00e5 tillg\u00e5ng till v\u00e5rt utbud. Detta g\u00f6r vi givetvis, men bara en g\u00e5ng.<\/p>\n<h3><strong>Varf\u00f6r m\u00e5ste jag betala f\u00e4r att testa l\u00e4ngre?<\/strong><\/h3>\n<p>Som vi tidigare n\u00e4mnt s\u00e5 har vi periodvis mycket att g\u00f6ra. Vi vill ge alla en m\u00f6jlighet att testa v\u00e5r underbara tj\u00e4nst. Precis som med allt annat i livet \u00e4r inget gratis. Det m\u00e5 vara kostnadsfritt att testa v\u00e5r tj\u00e4nst en liten stund men efter det kostar v\u00e5r tj\u00e4nst pengar. Vill man som potentiell kund inte betala den l\u00e5ga summan f\u00f6r att testa kanalerna ytterliggare s\u00e5 anser vi inte denne som en seri\u00f6s kund. I och att man sparar tusentals kronor via oss s\u00e5 \u00e4r det mycket m\u00e4rkligt om man inte \u00e4r beredd att betala en l\u00e5g summa f\u00f6r denna m\u00f6jlighet.<\/p>\n<h3><strong>Varf\u00f6r finns inga undertexter?<\/strong><\/h3>\n<p>Vi satsar alltid p\u00e5 att kunna erbjuda det b\u00e4sta. Vi jagar konstant efter nytt utbud. Ibland s\u00e5 g\u00e5r det inte att f\u00e5 alla kanaler med undertext. D\u00e4rf\u00f6r har inte alla kanaler undertext. Man kan inte heller l\u00e4gga till det sj\u00e4lv \u00e4n s\u00e5 l\u00e4nge.<\/p>\n<h3><strong>Varf\u00f6r hackar mina kanaler?<\/strong><\/h3>\n<p>Om kanalerna hackar beror det i \u00f6ver 9 av 10 fall p\u00e5 ditt internet. I \u00f6vriga fall kan felet ligga hos oss. <a href=\"https:\/\/www.svenskiptv.com\/funktionstest\/\">Genomf\u00f6r funktionstestet<\/a>. Om kanalerna funkar utm\u00e4rkt n\u00e4r du genomf\u00f6r funktionstestet ligger felet i din uttrustning hemma.<\/p>\n<h3><strong>Varf\u00f6r har jag ingen programguide (EPG)?<\/strong><\/h3>\n<p>N\u00e4r du testar v\u00e5ra kanaler i 1-24h s\u00e5 skickar vi ofta en f\u00f6rkorttad l\u00e4nk. Med denna l\u00e4nk f\u00f6rsvinner tyv\u00e4rr EPG funktionen. Det blir dock mycket enklare att skriva in l\u00e4nken. Om du f\u00e5tt den vanliga l\u00e4nken men EPG inte fungerar s\u00e5 b\u00f6r du uppdatera EPG i appen du ser kanalerna i. Om detta inte fungerar b\u00f6r du kontakta supporten.<\/p>\n","protected":false},"excerpt":{"rendered":"","protected":false},"author":3,"featured_media":0,"parent":0,"menu_order":0,"comment_status":"closed","ping_status":"closed","template":"","meta":{"footnotes":""},"class_list":["post-1660","page","type-page","status-publish","hentry"],"acf":[],"yoast_head":"<!-- This site is optimized with the Yoast SEO plugin v27.5 - https:\/\/yoast.com\/product\/yoast-seo-wordpress\/ -->\n<title>FAQ - IPTV Norge<\/title>\n<meta name=\"robots\" content=\"index, follow, max-snippet:-1, max-image-preview:large, max-video-preview:-1\" \/>\n<link rel=\"canonical\" href=\"https:\/\/iptvnorge.is\/sv\/faq\/\" \/>\n<meta property=\"og:locale\" content=\"sv_SE\" \/>\n<meta property=\"og:type\" content=\"article\" \/>\n<meta property=\"og:title\" content=\"FAQ - IPTV Norge\" \/>\n<meta property=\"og:url\" content=\"https:\/\/iptvnorge.is\/sv\/faq\/\" \/>\n<meta property=\"og:site_name\" content=\"IPTV Norge\" \/>\n<meta property=\"article:modified_time\" content=\"2023-09-12T07:07:03+00:00\" \/>\n<meta name=\"twitter:card\" content=\"summary_large_image\" \/>\n<meta name=\"twitter:site\" content=\"@iptvnorge\" \/>\n<meta name=\"twitter:label1\" content=\"Est. reading time\" \/>\n\t<meta name=\"twitter:data1\" content=\"6 minutes\" \/>\n<script type=\"application\/ld+json\" class=\"yoast-schema-graph\">{\"@context\":\"https:\\\/\\\/schema.org\",\"@graph\":[{\"@type\":\"WebPage\",\"@id\":\"https:\\\/\\\/iptvnorge.is\\\/sv\\\/faq\\\/\",\"url\":\"https:\\\/\\\/iptvnorge.is\\\/sv\\\/faq\\\/\",\"name\":\"FAQ - IPTV Norge\",\"isPartOf\":{\"@id\":\"https:\\\/\\\/iptvnorge.is\\\/sv\\\/#website\"},\"datePublished\":\"2020-01-06T17:10:45+00:00\",\"dateModified\":\"2023-09-12T07:07:03+00:00\",\"breadcrumb\":{\"@id\":\"https:\\\/\\\/iptvnorge.is\\\/sv\\\/faq\\\/#breadcrumb\"},\"inLanguage\":\"sv-SE\",\"potentialAction\":[{\"@type\":\"ReadAction\",\"target\":[\"https:\\\/\\\/iptvnorge.is\\\/sv\\\/faq\\\/\"]}]},{\"@type\":\"BreadcrumbList\",\"@id\":\"https:\\\/\\\/iptvnorge.is\\\/sv\\\/faq\\\/#breadcrumb\",\"itemListElement\":[{\"@type\":\"ListItem\",\"position\":1,\"name\":\"Home\",\"item\":\"https:\\\/\\\/iptvnorge.is\\\/sv\\\/\"},{\"@type\":\"ListItem\",\"position\":2,\"name\":\"FAQ\"}]},{\"@type\":\"WebSite\",\"@id\":\"https:\\\/\\\/iptvnorge.is\\\/sv\\\/#website\",\"url\":\"https:\\\/\\\/iptvnorge.is\\\/sv\\\/\",\"name\":\"IPTV Norge\",\"description\":\"B\u00e4st p\u00e5 IPTV i Norge!\",\"publisher\":{\"@id\":\"https:\\\/\\\/iptvnorge.is\\\/sv\\\/#organization\"},\"alternateName\":\"IPTV Norge\",\"potentialAction\":[{\"@type\":\"SearchAction\",\"target\":{\"@type\":\"EntryPoint\",\"urlTemplate\":\"https:\\\/\\\/iptvnorge.is\\\/sv\\\/?s={search_term_string}\"},\"query-input\":{\"@type\":\"PropertyValueSpecification\",\"valueRequired\":true,\"valueName\":\"search_term_string\"}}],\"inLanguage\":\"sv-SE\"},{\"@type\":\"Organization\",\"@id\":\"https:\\\/\\\/iptvnorge.is\\\/sv\\\/#organization\",\"name\":\"IPTV Norge\",\"alternateName\":\"IPTV Norge\",\"url\":\"https:\\\/\\\/iptvnorge.is\\\/sv\\\/\",\"logo\":{\"@type\":\"ImageObject\",\"inLanguage\":\"sv-SE\",\"@id\":\"https:\\\/\\\/iptvnorge.is\\\/sv\\\/#\\\/schema\\\/logo\\\/image\\\/\",\"url\":\"https:\\\/\\\/e364rw2rzvq.exactdn.com\\\/wp-content\\\/uploads\\\/2023\\\/10\\\/IPTV-Norge-Favicon.png?strip=all&lossy=1&ssl=1\",\"contentUrl\":\"https:\\\/\\\/e364rw2rzvq.exactdn.com\\\/wp-content\\\/uploads\\\/2023\\\/10\\\/IPTV-Norge-Favicon.png?strip=all&lossy=1&ssl=1\",\"width\":512,\"height\":512,\"caption\":\"IPTV Norge\"},\"image\":{\"@id\":\"https:\\\/\\\/iptvnorge.is\\\/sv\\\/#\\\/schema\\\/logo\\\/image\\\/\"},\"sameAs\":[\"https:\\\/\\\/x.com\\\/iptvnorge\",\"https:\\\/\\\/pinterest.com\\\/iptvnorge\",\"https:\\\/\\\/tumblr.com\\\/iptvnorge\",\"https:\\\/\\\/www.reddit.com\\\/user\\\/iptvnorge\\\/\",\"https:\\\/\\\/quora.com\\\/iptvnorge\",\"https:\\\/\\\/www.tiktok.com\\\/@iptvnorge.is\"]}]}<\/script>\n<!-- \/ Yoast SEO plugin. -->","yoast_head_json":{"title":"FAQ - IPTV Norge","robots":{"index":"index","follow":"follow","max-snippet":"max-snippet:-1","max-image-preview":"max-image-preview:large","max-video-preview":"max-video-preview:-1"},"canonical":"https:\/\/iptvnorge.is\/sv\/faq\/","og_locale":"sv_SE","og_type":"article","og_title":"FAQ - IPTV Norge","og_url":"https:\/\/iptvnorge.is\/sv\/faq\/","og_site_name":"IPTV Norge","article_modified_time":"2023-09-12T07:07:03+00:00","twitter_card":"summary_large_image","twitter_site":"@iptvnorge","twitter_misc":{"Est. reading time":"6 minutes"},"schema":{"@context":"https:\/\/schema.org","@graph":[{"@type":"WebPage","@id":"https:\/\/iptvnorge.is\/sv\/faq\/","url":"https:\/\/iptvnorge.is\/sv\/faq\/","name":"FAQ - IPTV Norge","isPartOf":{"@id":"https:\/\/iptvnorge.is\/sv\/#website"},"datePublished":"2020-01-06T17:10:45+00:00","dateModified":"2023-09-12T07:07:03+00:00","breadcrumb":{"@id":"https:\/\/iptvnorge.is\/sv\/faq\/#breadcrumb"},"inLanguage":"sv-SE","potentialAction":[{"@type":"ReadAction","target":["https:\/\/iptvnorge.is\/sv\/faq\/"]}]},{"@type":"BreadcrumbList","@id":"https:\/\/iptvnorge.is\/sv\/faq\/#breadcrumb","itemListElement":[{"@type":"ListItem","position":1,"name":"Home","item":"https:\/\/iptvnorge.is\/sv\/"},{"@type":"ListItem","position":2,"name":"FAQ"}]},{"@type":"WebSite","@id":"https:\/\/iptvnorge.is\/sv\/#website","url":"https:\/\/iptvnorge.is\/sv\/","name":"IPTV Norge","description":"B\u00e4st p\u00e5 IPTV i Norge!","publisher":{"@id":"https:\/\/iptvnorge.is\/sv\/#organization"},"alternateName":"IPTV Norge","potentialAction":[{"@type":"SearchAction","target":{"@type":"EntryPoint","urlTemplate":"https:\/\/iptvnorge.is\/sv\/?s={search_term_string}"},"query-input":{"@type":"PropertyValueSpecification","valueRequired":true,"valueName":"search_term_string"}}],"inLanguage":"sv-SE"},{"@type":"Organization","@id":"https:\/\/iptvnorge.is\/sv\/#organization","name":"IPTV Norge","alternateName":"IPTV Norge","url":"https:\/\/iptvnorge.is\/sv\/","logo":{"@type":"ImageObject","inLanguage":"sv-SE","@id":"https:\/\/iptvnorge.is\/sv\/#\/schema\/logo\/image\/","url":"https:\/\/e364rw2rzvq.exactdn.com\/wp-content\/uploads\/2023\/10\/IPTV-Norge-Favicon.png?strip=all&lossy=1&ssl=1","contentUrl":"https:\/\/e364rw2rzvq.exactdn.com\/wp-content\/uploads\/2023\/10\/IPTV-Norge-Favicon.png?strip=all&lossy=1&ssl=1","width":512,"height":512,"caption":"IPTV Norge"},"image":{"@id":"https:\/\/iptvnorge.is\/sv\/#\/schema\/logo\/image\/"},"sameAs":["https:\/\/x.com\/iptvnorge","https:\/\/pinterest.com\/iptvnorge","https:\/\/tumblr.com\/iptvnorge","https:\/\/www.reddit.com\/user\/iptvnorge\/","https:\/\/quora.com\/iptvnorge","https:\/\/www.tiktok.com\/@iptvnorge.is"]}]}},"_links":{"self":[{"href":"https:\/\/iptvnorge.is\/sv\/wp-json\/wp\/v2\/pages\/1660","targetHints":{"allow":["GET"]}}],"collection":[{"href":"https:\/\/iptvnorge.is\/sv\/wp-json\/wp\/v2\/pages"}],"about":[{"href":"https:\/\/iptvnorge.is\/sv\/wp-json\/wp\/v2\/types\/page"}],"author":[{"embeddable":true,"href":"https:\/\/iptvnorge.is\/sv\/wp-json\/wp\/v2\/users\/3"}],"replies":[{"embeddable":true,"href":"https:\/\/iptvnorge.is\/sv\/wp-json\/wp\/v2\/comments?post=1660"}],"version-history":[{"count":0,"href":"https:\/\/iptvnorge.is\/sv\/wp-json\/wp\/v2\/pages\/1660\/revisions"}],"wp:attachment":[{"href":"https:\/\/iptvnorge.is\/sv\/wp-json\/wp\/v2\/media?parent=1660"}],"curies":[{"name":"wp","href":"https:\/\/api.w.org\/{rel}","templated":true}]}}