{"id":12726,"date":"2023-05-18T00:16:41","date_gmt":"2023-05-17T22:16:41","guid":{"rendered":"https:\/\/www.svenskiptv.com\/?page_id=12726"},"modified":"2023-09-06T21:30:21","modified_gmt":"2023-09-06T19:30:21","slug":"support","status":"publish","type":"page","link":"https:\/\/iptvnorge.is\/sv\/support\/","title":{"rendered":"Support"},"content":{"rendered":"<p style=\"text-align: center;\">Vi g\u00f6r just nu om v\u00e5rt support system. Beh\u00f6ver du hj\u00e4lp eller har fr\u00e5gor mailar du till info@iptvutanbox.com. Arbetet ber\u00e4knas vara klart i slutet p\u00e5 september.<\/p>\n","protected":false},"excerpt":{"rendered":"<p>Vi g\u00f6r just nu om v\u00e5rt support system. Beh\u00f6ver du hj\u00e4lp eller har fr\u00e5gor mailar du till info@iptvutanbox.com. Arbetet ber\u00e4knas vara klart i slutet p\u00e5 september.<\/p>\n","protected":false},"author":3,"featured_media":0,"parent":0,"menu_order":0,"comment_status":"closed","ping_status":"closed","template":"","meta":{"footnotes":""},"class_list":["post-12726","page","type-page","status-publish","hentry"],"acf":[],"yoast_head":"<!-- This site is optimized with the Yoast SEO plugin v27.5 - https:\/\/yoast.com\/product\/yoast-seo-wordpress\/ -->\n<title>Support - IPTV Norge<\/title>\n<meta name=\"description\" content=\"Hos oss p\u00e5 SvenskIPTV kan du f\u00e5 support under de flesta timmarna p\u00e5 dygnet. Fyll bara i f\u00e4lten p\u00e5 sidan s\u00e5 svarar vi inom tv\u00e5 timmar under...\" \/>\n<meta name=\"robots\" content=\"index, follow, max-snippet:-1, max-image-preview:large, max-video-preview:-1\" \/>\n<link rel=\"canonical\" href=\"https:\/\/iptvnorge.is\/sv\/support\/\" \/>\n<meta property=\"og:locale\" content=\"sv_SE\" \/>\n<meta property=\"og:type\" content=\"article\" \/>\n<meta property=\"og:title\" content=\"Support - IPTV Norge\" \/>\n<meta property=\"og:description\" content=\"Hos oss p\u00e5 SvenskIPTV kan du f\u00e5 support under de flesta timmarna p\u00e5 dygnet. Fyll bara i f\u00e4lten p\u00e5 sidan s\u00e5 svarar vi inom tv\u00e5 timmar under...\" \/>\n<meta property=\"og:url\" content=\"https:\/\/iptvnorge.is\/sv\/support\/\" \/>\n<meta property=\"og:site_name\" content=\"IPTV Norge\" \/>\n<meta property=\"article:modified_time\" content=\"2023-09-06T19:30:21+00:00\" \/>\n<meta name=\"twitter:card\" content=\"summary_large_image\" \/>\n<meta name=\"twitter:site\" content=\"@iptvnorge\" \/>\n<meta name=\"twitter:label1\" content=\"Est. reading time\" \/>\n\t<meta name=\"twitter:data1\" content=\"1 minute\" \/>\n<script type=\"application\/ld+json\" class=\"yoast-schema-graph\">{\"@context\":\"https:\\\/\\\/schema.org\",\"@graph\":[{\"@type\":\"WebPage\",\"@id\":\"https:\\\/\\\/iptvnorge.is\\\/sv\\\/support\\\/\",\"url\":\"https:\\\/\\\/iptvnorge.is\\\/sv\\\/support\\\/\",\"name\":\"Support - IPTV Norge\",\"isPartOf\":{\"@id\":\"https:\\\/\\\/iptvnorge.is\\\/sv\\\/#website\"},\"datePublished\":\"2023-05-17T22:16:41+00:00\",\"dateModified\":\"2023-09-06T19:30:21+00:00\",\"description\":\"Hos oss p\u00e5 SvenskIPTV kan du f\u00e5 support under de flesta timmarna p\u00e5 dygnet. Fyll bara i f\u00e4lten p\u00e5 sidan s\u00e5 svarar vi inom tv\u00e5 timmar under...\",\"breadcrumb\":{\"@id\":\"https:\\\/\\\/iptvnorge.is\\\/sv\\\/support\\\/#breadcrumb\"},\"inLanguage\":\"sv-SE\",\"potentialAction\":[{\"@type\":\"ReadAction\",\"target\":[\"https:\\\/\\\/iptvnorge.is\\\/sv\\\/support\\\/\"]}]},{\"@type\":\"BreadcrumbList\",\"@id\":\"https:\\\/\\\/iptvnorge.is\\\/sv\\\/support\\\/#breadcrumb\",\"itemListElement\":[{\"@type\":\"ListItem\",\"position\":1,\"name\":\"Home\",\"item\":\"https:\\\/\\\/iptvnorge.is\\\/sv\\\/\"},{\"@type\":\"ListItem\",\"position\":2,\"name\":\"Support\"}]},{\"@type\":\"WebSite\",\"@id\":\"https:\\\/\\\/iptvnorge.is\\\/sv\\\/#website\",\"url\":\"https:\\\/\\\/iptvnorge.is\\\/sv\\\/\",\"name\":\"IPTV Norge\",\"description\":\"B\u00e4st p\u00e5 IPTV i Norge!\",\"publisher\":{\"@id\":\"https:\\\/\\\/iptvnorge.is\\\/sv\\\/#organization\"},\"alternateName\":\"IPTV Norge\",\"potentialAction\":[{\"@type\":\"SearchAction\",\"target\":{\"@type\":\"EntryPoint\",\"urlTemplate\":\"https:\\\/\\\/iptvnorge.is\\\/sv\\\/?s={search_term_string}\"},\"query-input\":{\"@type\":\"PropertyValueSpecification\",\"valueRequired\":true,\"valueName\":\"search_term_string\"}}],\"inLanguage\":\"sv-SE\"},{\"@type\":\"Organization\",\"@id\":\"https:\\\/\\\/iptvnorge.is\\\/sv\\\/#organization\",\"name\":\"IPTV Norge\",\"alternateName\":\"IPTV Norge\",\"url\":\"https:\\\/\\\/iptvnorge.is\\\/sv\\\/\",\"logo\":{\"@type\":\"ImageObject\",\"inLanguage\":\"sv-SE\",\"@id\":\"https:\\\/\\\/iptvnorge.is\\\/sv\\\/#\\\/schema\\\/logo\\\/image\\\/\",\"url\":\"https:\\\/\\\/e364rw2rzvq.exactdn.com\\\/wp-content\\\/uploads\\\/2023\\\/10\\\/IPTV-Norge-Favicon.png?strip=all&lossy=1&ssl=1\",\"contentUrl\":\"https:\\\/\\\/e364rw2rzvq.exactdn.com\\\/wp-content\\\/uploads\\\/2023\\\/10\\\/IPTV-Norge-Favicon.png?strip=all&lossy=1&ssl=1\",\"width\":512,\"height\":512,\"caption\":\"IPTV Norge\"},\"image\":{\"@id\":\"https:\\\/\\\/iptvnorge.is\\\/sv\\\/#\\\/schema\\\/logo\\\/image\\\/\"},\"sameAs\":[\"https:\\\/\\\/x.com\\\/iptvnorge\",\"https:\\\/\\\/pinterest.com\\\/iptvnorge\",\"https:\\\/\\\/tumblr.com\\\/iptvnorge\",\"https:\\\/\\\/www.reddit.com\\\/user\\\/iptvnorge\\\/\",\"https:\\\/\\\/quora.com\\\/iptvnorge\",\"https:\\\/\\\/www.tiktok.com\\\/@iptvnorge.is\"]}]}<\/script>\n<!-- \/ Yoast SEO plugin. -->","yoast_head_json":{"title":"Support - IPTV Norge","description":"Hos oss p\u00e5 SvenskIPTV kan du f\u00e5 support under de flesta timmarna p\u00e5 dygnet. Fyll bara i f\u00e4lten p\u00e5 sidan s\u00e5 svarar vi inom tv\u00e5 timmar under...","robots":{"index":"index","follow":"follow","max-snippet":"max-snippet:-1","max-image-preview":"max-image-preview:large","max-video-preview":"max-video-preview:-1"},"canonical":"https:\/\/iptvnorge.is\/sv\/support\/","og_locale":"sv_SE","og_type":"article","og_title":"Support - IPTV Norge","og_description":"Hos oss p\u00e5 SvenskIPTV kan du f\u00e5 support under de flesta timmarna p\u00e5 dygnet. Fyll bara i f\u00e4lten p\u00e5 sidan s\u00e5 svarar vi inom tv\u00e5 timmar under...","og_url":"https:\/\/iptvnorge.is\/sv\/support\/","og_site_name":"IPTV Norge","article_modified_time":"2023-09-06T19:30:21+00:00","twitter_card":"summary_large_image","twitter_site":"@iptvnorge","twitter_misc":{"Est. reading time":"1 minute"},"schema":{"@context":"https:\/\/schema.org","@graph":[{"@type":"WebPage","@id":"https:\/\/iptvnorge.is\/sv\/support\/","url":"https:\/\/iptvnorge.is\/sv\/support\/","name":"Support - IPTV Norge","isPartOf":{"@id":"https:\/\/iptvnorge.is\/sv\/#website"},"datePublished":"2023-05-17T22:16:41+00:00","dateModified":"2023-09-06T19:30:21+00:00","description":"Hos oss p\u00e5 SvenskIPTV kan du f\u00e5 support under de flesta timmarna p\u00e5 dygnet. Fyll bara i f\u00e4lten p\u00e5 sidan s\u00e5 svarar vi inom tv\u00e5 timmar under...","breadcrumb":{"@id":"https:\/\/iptvnorge.is\/sv\/support\/#breadcrumb"},"inLanguage":"sv-SE","potentialAction":[{"@type":"ReadAction","target":["https:\/\/iptvnorge.is\/sv\/support\/"]}]},{"@type":"BreadcrumbList","@id":"https:\/\/iptvnorge.is\/sv\/support\/#breadcrumb","itemListElement":[{"@type":"ListItem","position":1,"name":"Home","item":"https:\/\/iptvnorge.is\/sv\/"},{"@type":"ListItem","position":2,"name":"Support"}]},{"@type":"WebSite","@id":"https:\/\/iptvnorge.is\/sv\/#website","url":"https:\/\/iptvnorge.is\/sv\/","name":"IPTV Norge","description":"B\u00e4st p\u00e5 IPTV i Norge!","publisher":{"@id":"https:\/\/iptvnorge.is\/sv\/#organization"},"alternateName":"IPTV Norge","potentialAction":[{"@type":"SearchAction","target":{"@type":"EntryPoint","urlTemplate":"https:\/\/iptvnorge.is\/sv\/?s={search_term_string}"},"query-input":{"@type":"PropertyValueSpecification","valueRequired":true,"valueName":"search_term_string"}}],"inLanguage":"sv-SE"},{"@type":"Organization","@id":"https:\/\/iptvnorge.is\/sv\/#organization","name":"IPTV Norge","alternateName":"IPTV Norge","url":"https:\/\/iptvnorge.is\/sv\/","logo":{"@type":"ImageObject","inLanguage":"sv-SE","@id":"https:\/\/iptvnorge.is\/sv\/#\/schema\/logo\/image\/","url":"https:\/\/e364rw2rzvq.exactdn.com\/wp-content\/uploads\/2023\/10\/IPTV-Norge-Favicon.png?strip=all&lossy=1&ssl=1","contentUrl":"https:\/\/e364rw2rzvq.exactdn.com\/wp-content\/uploads\/2023\/10\/IPTV-Norge-Favicon.png?strip=all&lossy=1&ssl=1","width":512,"height":512,"caption":"IPTV Norge"},"image":{"@id":"https:\/\/iptvnorge.is\/sv\/#\/schema\/logo\/image\/"},"sameAs":["https:\/\/x.com\/iptvnorge","https:\/\/pinterest.com\/iptvnorge","https:\/\/tumblr.com\/iptvnorge","https:\/\/www.reddit.com\/user\/iptvnorge\/","https:\/\/quora.com\/iptvnorge","https:\/\/www.tiktok.com\/@iptvnorge.is"]}]}},"_links":{"self":[{"href":"https:\/\/iptvnorge.is\/sv\/wp-json\/wp\/v2\/pages\/12726","targetHints":{"allow":["GET"]}}],"collection":[{"href":"https:\/\/iptvnorge.is\/sv\/wp-json\/wp\/v2\/pages"}],"about":[{"href":"https:\/\/iptvnorge.is\/sv\/wp-json\/wp\/v2\/types\/page"}],"author":[{"embeddable":true,"href":"https:\/\/iptvnorge.is\/sv\/wp-json\/wp\/v2\/users\/3"}],"replies":[{"embeddable":true,"href":"https:\/\/iptvnorge.is\/sv\/wp-json\/wp\/v2\/comments?post=12726"}],"version-history":[{"count":0,"href":"https:\/\/iptvnorge.is\/sv\/wp-json\/wp\/v2\/pages\/12726\/revisions"}],"wp:attachment":[{"href":"https:\/\/iptvnorge.is\/sv\/wp-json\/wp\/v2\/media?parent=12726"}],"curies":[{"name":"wp","href":"https:\/\/api.w.org\/{rel}","templated":true}]}}