{"id":12524,"date":"2023-05-11T12:21:38","date_gmt":"2023-05-11T10:21:38","guid":{"rendered":"https:\/\/www.svenskiptv.com\/?page_id=12524"},"modified":"2023-10-09T20:09:28","modified_gmt":"2023-10-09T18:09:28","slug":"utbud","status":"publish","type":"page","link":"https:\/\/iptvnorge.is\/sv\/utbud\/","title":{"rendered":"Utbud"},"content":{"rendered":"\t\t<div data-elementor-type=\"wp-page\" data-elementor-id=\"12524\" class=\"elementor elementor-12524\" data-elementor-post-type=\"page\">\n\t\t\t\t\t\t<section class=\"elementor-section elementor-top-section elementor-element elementor-element-95f84ac elementor-section-boxed elementor-section-height-default elementor-section-height-default\" data-id=\"95f84ac\" data-element_type=\"section\" data-e-type=\"section\">\n\t\t\t\t\t\t<div class=\"elementor-container elementor-column-gap-default\">\n\t\t\t\t\t<div class=\"elementor-column elementor-col-100 elementor-top-column elementor-element elementor-element-fc6a0ca\" data-id=\"fc6a0ca\" data-element_type=\"column\" data-e-type=\"column\">\n\t\t\t<div class=\"elementor-widget-wrap elementor-element-populated\">\n\t\t\t\t\t\t<section class=\"elementor-section elementor-inner-section elementor-element elementor-element-3debbb7 elementor-section-boxed elementor-section-height-default elementor-section-height-default\" data-id=\"3debbb7\" data-element_type=\"section\" data-e-type=\"section\">\n\t\t\t\t\t\t<div class=\"elementor-container elementor-column-gap-default\">\n\t\t\t\t\t<div class=\"elementor-column elementor-col-100 elementor-inner-column elementor-element elementor-element-c34ec60\" data-id=\"c34ec60\" data-element_type=\"column\" data-e-type=\"column\">\n\t\t\t<div class=\"elementor-widget-wrap elementor-element-populated\">\n\t\t\t\t\t\t<div class=\"elementor-element elementor-element-256d4fb elementor-widget elementor-widget-text-editor\" data-id=\"256d4fb\" data-element_type=\"widget\" data-e-type=\"widget\" data-widget_type=\"text-editor.default\">\n\t\t\t\t<div class=\"elementor-widget-container\">\n\t\t\t\t\t\t\t\t\t<p style=\"text-align: center;\">Nedan ser du v\u00e5rt aktuella utbud av kanaler. Vill du se v\u00e5ra filmer, serier, dokument\u00e4rer och en massa andra titlar s\u00e5 f\u00e5r du beg\u00e4ra ett gratis test eller k\u00f6pa en m\u00e5nad d\u00e5 listan inneh\u00e5ller \u00f6ver 100.000 titlar och inte kan visas h\u00e4r. Observera att event som ska visas i framtiden inte \u00e4r med p\u00e5 dessa listor. Kort innan det specifika eventet b\u00f6rjar dyker den tillf\u00e4lliga kanalen upp p\u00e5 listorna.<\/p>\n<p><\/p>\n<p style=\"text-align: center;\"><span style=\"color: #ff0000;\">Ibland tar det en liten stund f\u00f6r rutan nedan att ladda d\u00e5 det \u00e4r v\u00e4ldigt m\u00e5nga kanaler som ska visas.<\/span><\/p>\t\t\t\t\t\t\t\t<\/div>\n\t\t\t\t<\/div>\n\t\t\t\t<div class=\"elementor-element elementor-element-ef89fc7 elementor-headline--style-highlight elementor-widget elementor-widget-animated-headline\" data-id=\"ef89fc7\" data-element_type=\"widget\" data-e-type=\"widget\" data-settings=\"{&quot;marker&quot;:&quot;underline&quot;,&quot;highlighted_text&quot;:&quot;kanaler&quot;,&quot;headline_style&quot;:&quot;highlight&quot;,&quot;loop&quot;:&quot;yes&quot;,&quot;highlight_animation_duration&quot;:1200,&quot;highlight_iteration_delay&quot;:8000}\" data-widget_type=\"animated-headline.default\">\n\t\t\t\t<div class=\"elementor-widget-container\">\n\t\t\t\t\t\t\t<h2 class=\"elementor-headline\">\n\t\t\t\t\t<span class=\"elementor-headline-plain-text elementor-headline-text-wrapper\">V\u00e5ra<\/span>\n\t\t\t\t<span class=\"elementor-headline-dynamic-wrapper elementor-headline-text-wrapper\">\n\t\t\t\t\t<span class=\"elementor-headline-dynamic-text elementor-headline-text-active\">kanaler<\/span>\n\t\t\t\t<\/span>\n\t\t\t\t<\/h2>\n\t\t\t\t\t\t<\/div>\n\t\t\t\t<\/div>\n\t\t\t\t<div class=\"elementor-element elementor-element-4095654 elementor-widget elementor-widget-html\" data-id=\"4095654\" data-element_type=\"widget\" data-e-type=\"widget\" data-widget_type=\"html.default\">\n\t\t\t\t<div class=\"elementor-widget-container\">\n\t\t\t\t\t<iframe\r\n    src=\"https:\/\/m3u-editor.com\/embed\/df6bf230-eff7-11ed-8ef8-7146552b12d2\"\r\n    width=\"100%\"\r\n    height=\"800\"\r\n    frameborder=\"0\">\r\n<\/iframe>\t\t\t\t<\/div>\n\t\t\t\t<\/div>\n\t\t\t\t\t<\/div>\n\t\t<\/div>\n\t\t\t\t\t<\/div>\n\t\t<\/section>\n\t\t\t\t<div class=\"elementor-element elementor-element-775875c elementor-headline--style-highlight elementor-widget elementor-widget-animated-headline\" data-id=\"775875c\" data-element_type=\"widget\" data-e-type=\"widget\" data-settings=\"{&quot;marker&quot;:&quot;double_underline&quot;,&quot;highlighted_text&quot;:&quot;paket&quot;,&quot;headline_style&quot;:&quot;highlight&quot;,&quot;loop&quot;:&quot;yes&quot;,&quot;highlight_animation_duration&quot;:1200,&quot;highlight_iteration_delay&quot;:8000}\" data-widget_type=\"animated-headline.default\">\n\t\t\t\t<div class=\"elementor-widget-container\">\n\t\t\t\t\t\t\t<h3 class=\"elementor-headline\">\n\t\t\t\t\t<span class=\"elementor-headline-plain-text elementor-headline-text-wrapper\">V\u00e5ra<\/span>\n\t\t\t\t<span class=\"elementor-headline-dynamic-wrapper elementor-headline-text-wrapper\">\n\t\t\t\t\t<span class=\"elementor-headline-dynamic-text elementor-headline-text-active\">paket<\/span>\n\t\t\t\t<\/span>\n\t\t\t\t<\/h3>\n\t\t\t\t\t\t<\/div>\n\t\t\t\t<\/div>\n\t\t\t\t<section class=\"elementor-section elementor-inner-section elementor-element elementor-element-32e71f6 elementor-section-boxed elementor-section-height-default elementor-section-height-default\" data-id=\"32e71f6\" data-element_type=\"section\" data-e-type=\"section\">\n\t\t\t\t\t\t<div class=\"elementor-container elementor-column-gap-default\">\n\t\t\t\t\t<div class=\"elementor-column elementor-col-100 elementor-inner-column elementor-element elementor-element-20b787a\" data-id=\"20b787a\" data-element_type=\"column\" data-e-type=\"column\">\n\t\t\t<div class=\"elementor-widget-wrap elementor-element-populated\">\n\t\t\t\t\t\t<div class=\"elementor-element elementor-element-273c1c6 elementor-widget elementor-widget-price-table\" data-id=\"273c1c6\" data-element_type=\"widget\" data-e-type=\"widget\" data-widget_type=\"price-table.default\">\n\t\t\t\t<div class=\"elementor-widget-container\">\n\t\t\t\t\t\n\t\t<div class=\"elementor-price-table\">\n\t\t\t\t\t\t\t<div class=\"elementor-price-table__header\">\n\t\t\t\t\t\t\t\t\t\t\t<h5 class=\"elementor-price-table__heading\">\n\t\t\t\t\t\tIPTVnorge\t\t\t\t\t\t<\/h5>\n\t\t\t\t\t\n\t\t\t\t\t\t\t\t\t\t\t<span class=\"elementor-price-table__subheading\">\n\t\t\t\t\t\t\tV\u00e4rldens alla kanaler + all sport inkl PPV event\t\t\t\t\t\t<\/span>\n\t\t\t\t\t\t\t\t\t<\/div>\n\t\t\t\n\t\t\t<div class=\"elementor-price-table__price\">\n\t\t\t\t\t\t\t\t<span class=\"elementor-price-table__currency\">V\u00e4lj period <\/span>\t\t\t\t\n\t\t\t\t\n\t\t\t\t\n\t\t\t\t\t\t\t<\/div>\n\n\t\t\t\t\t\t\t<ul class=\"elementor-price-table__features-list\">\n\t\t\t\t\t\t\t\t\t\t\t<li class=\"elementor-repeater-item-1859cb9\">\n\t\t\t\t\t\t\t<div class=\"elementor-price-table__feature-inner\">\n\t\t\t\t\t\t\t\t<i aria-hidden=\"true\" class=\"far fa-check-circle\"><\/i>\t\t\t\t\t\t\t\t\t\t\t\t\t\t\t\t\t<span >\n\t\t\t\t\t\t\t\t\t\t1H TEST - 0 SEK\t\t\t\t\t\t\t\t\t<\/span>\n\t\t\t\t\t\t\t\t\t\t\t\t\t\t\t\t<\/div>\n\t\t\t\t\t\t<\/li>\n\t\t\t\t\t\t\t\t\t\t\t<li class=\"elementor-repeater-item-c0260b0\">\n\t\t\t\t\t\t\t<div class=\"elementor-price-table__feature-inner\">\n\t\t\t\t\t\t\t\t<i aria-hidden=\"true\" class=\"far fa-check-circle\"><\/i>\t\t\t\t\t\t\t\t\t\t\t\t\t\t\t\t\t<span >\n\t\t\t\t\t\t\t\t\t\t1 M\u00c5N - 249 SEK\t\t\t\t\t\t\t\t\t<\/span>\n\t\t\t\t\t\t\t\t\t\t\t\t\t\t\t\t<\/div>\n\t\t\t\t\t\t<\/li>\n\t\t\t\t\t\t\t\t\t\t\t<li class=\"elementor-repeater-item-ca372fb\">\n\t\t\t\t\t\t\t<div class=\"elementor-price-table__feature-inner\">\n\t\t\t\t\t\t\t\t<i aria-hidden=\"true\" class=\"far fa-check-circle\"><\/i>\t\t\t\t\t\t\t\t\t\t\t\t\t\t\t\t\t<span >\n\t\t\t\t\t\t\t\t\t\t3 M\u00c5N - 549 SEK\t\t\t\t\t\t\t\t\t<\/span>\n\t\t\t\t\t\t\t\t\t\t\t\t\t\t\t\t<\/div>\n\t\t\t\t\t\t<\/li>\n\t\t\t\t\t\t\t\t\t\t\t<li class=\"elementor-repeater-item-19e61e2\">\n\t\t\t\t\t\t\t<div class=\"elementor-price-table__feature-inner\">\n\t\t\t\t\t\t\t\t<i aria-hidden=\"true\" class=\"far fa-check-circle\"><\/i>\t\t\t\t\t\t\t\t\t\t\t\t\t\t\t\t\t<span >\n\t\t\t\t\t\t\t\t\t\t6 M\u00c5N - 849 SEK\t\t\t\t\t\t\t\t\t<\/span>\n\t\t\t\t\t\t\t\t\t\t\t\t\t\t\t\t<\/div>\n\t\t\t\t\t\t<\/li>\n\t\t\t\t\t\t\t\t\t\t\t<li class=\"elementor-repeater-item-41bea12\">\n\t\t\t\t\t\t\t<div class=\"elementor-price-table__feature-inner\">\n\t\t\t\t\t\t\t\t<i aria-hidden=\"true\" class=\"far fa-check-circle\"><\/i>\t\t\t\t\t\t\t\t\t\t\t\t\t\t\t\t\t<span >\n\t\t\t\t\t\t\t\t\t\t12 M\u00c5N - 1399 SEK\t\t\t\t\t\t\t\t\t<\/span>\n\t\t\t\t\t\t\t\t\t\t\t\t\t\t\t\t<\/div>\n\t\t\t\t\t\t<\/li>\n\t\t\t\t\t\t\t\t\t<\/ul>\n\t\t\t\n\t\t\t\t\t\t\t<div class=\"elementor-price-table__footer\">\n\t\t\t\t\t\t\t\t\t\t\t<a class=\"elementor-price-table__button elementor-button elementor-size-md\" href=\"https:\/\/iptvnorge.is\/packages\">\n\t\t\t\t\t\t\tK\u00d6P\t\t\t\t\t\t<\/a>\n\t\t\t\t\t\n\t\t\t\t\t\t\t\t\t\t\t<div class=\"elementor-price-table__additional_info\">\n\t\t\t\t\t\t\tKanaler, filmer, serier, dokument\u00e4rer och alla PPV event fr\u00e5n hela v\u00e4rlden ing\u00e5r oavsett vald period<br><br>Priserna ovan \u00e4r inkl. alla avgifter\t\t\t\t\t\t<\/div>\n\t\t\t\t\t\t\t\t\t<\/div>\n\t\t\t\t\t<\/div>\n\n\t\t\t\t\t\t<\/div>\n\t\t\t\t<\/div>\n\t\t\t\t\t<\/div>\n\t\t<\/div>\n\t\t\t\t\t<\/div>\n\t\t<\/section>\n\t\t\t\t<div class=\"elementor-element elementor-element-c5f4e34 elementor-widget elementor-widget-text-editor\" data-id=\"c5f4e34\" data-element_type=\"widget\" data-e-type=\"widget\" data-widget_type=\"text-editor.default\">\n\t\t\t\t<div class=\"elementor-widget-container\">\n\t\t\t\t\t\t\t\t\t<p style=\"text-align: center;\">Vi erbjuder alla kanaler, filmer, serier, dokument\u00e4rer och PPV event du kan t\u00e4nka dig. Nedan ser du v\u00e5ra kanalpaket och forts\u00e4tter du scrolla s\u00e5 ser du en lista med v\u00e5ra kanaler och slutligen l\u00e4ngst ned p\u00e5 sidan v\u00e5ra \u00f6vriga titlar s\u00e5som filmer, serier osv.<\/p><p style=\"text-align: center;\">Alla v\u00e5ra paket inneh\u00e5ller samma utbud, det enda som skiljer sig \u00e4r tiden du har tillg\u00e5ng till allt.<\/p>\t\t\t\t\t\t\t\t<\/div>\n\t\t\t\t<\/div>\n\t\t\t\t<div class=\"elementor-element elementor-element-827ae9b elementor-widget elementor-widget-text-editor\" data-id=\"827ae9b\" data-element_type=\"widget\" data-e-type=\"widget\" data-widget_type=\"text-editor.default\">\n\t\t\t\t<div class=\"elementor-widget-container\">\n\t\t\t\t\t\t\t\t\t<p style=\"text-align: center;\">Vill du se v\u00e5rt film och serie utbud s\u00e5 f\u00e5r du testa v\u00e5r tj\u00e4nst d\u00e5 de listorna \u00e4r alldeles f\u00f6r stora f\u00f6r att visa p\u00e5 v\u00e5r hemsida.<\/p>\t\t\t\t\t\t\t\t<\/div>\n\t\t\t\t<\/div>\n\t\t\t\t<div class=\"elementor-element elementor-element-6b8545a elementor-align-center elementor-widget elementor-widget-button\" data-id=\"6b8545a\" data-element_type=\"widget\" data-e-type=\"widget\" data-widget_type=\"button.default\">\n\t\t\t\t<div class=\"elementor-widget-container\">\n\t\t\t\t\t\t\t\t\t<div class=\"elementor-button-wrapper\">\n\t\t\t\t\t<a class=\"elementor-button elementor-button-link elementor-size-sm\" href=\"https:\/\/iptvnorge.is\/packages\">\n\t\t\t\t\t\t<span class=\"elementor-button-content-wrapper\">\n\t\t\t\t\t\t\t\t\t<span class=\"elementor-button-text\">Prova IPTVnorge<\/span>\n\t\t\t\t\t<\/span>\n\t\t\t\t\t<\/a>\n\t\t\t\t<\/div>\n\t\t\t\t\t\t\t\t<\/div>\n\t\t\t\t<\/div>\n\t\t\t\t<div class=\"elementor-element elementor-element-b9c4ba2 elementor-testimonial--skin-default elementor-testimonial--layout-image_inline elementor-testimonial--align-center elementor-arrows-yes elementor-pagination-type-bullets elementor-widget elementor-widget-testimonial-carousel\" data-id=\"b9c4ba2\" data-element_type=\"widget\" data-e-type=\"widget\" data-settings=\"{&quot;show_arrows&quot;:&quot;yes&quot;,&quot;pagination&quot;:&quot;bullets&quot;,&quot;speed&quot;:500,&quot;autoplay&quot;:&quot;yes&quot;,&quot;autoplay_speed&quot;:5000,&quot;loop&quot;:&quot;yes&quot;,&quot;pause_on_hover&quot;:&quot;yes&quot;,&quot;pause_on_interaction&quot;:&quot;yes&quot;,&quot;space_between&quot;:{&quot;unit&quot;:&quot;px&quot;,&quot;size&quot;:10,&quot;sizes&quot;:[]},&quot;space_between_tablet&quot;:{&quot;unit&quot;:&quot;px&quot;,&quot;size&quot;:10,&quot;sizes&quot;:[]},&quot;space_between_mobile&quot;:{&quot;unit&quot;:&quot;px&quot;,&quot;size&quot;:10,&quot;sizes&quot;:[]}}\" data-widget_type=\"testimonial-carousel.default\">\n\t\t\t\t<div class=\"elementor-widget-container\">\n\t\t\t\t\t\t\t\t\t<div class=\"elementor-swiper\">\n\t\t\t\t\t<div class=\"elementor-main-swiper swiper\" role=\"region\" aria-roledescription=\"carousel\" aria-label=\"Slides\">\n\t\t\t\t<div class=\"swiper-wrapper\">\n\t\t\t\t\t\t\t\t\t\t\t<div class=\"swiper-slide\" role=\"group\" aria-roledescription=\"slide\">\n\t\t\t\t\t\t\t\t\t<div class=\"elementor-testimonial\">\n\t\t\t\t\t\t\t<div class=\"elementor-testimonial__content\">\n\t\t\t\t\t<div class=\"elementor-testimonial__text\">\n\t\t\t\t\t\t\"Har tidigare provat flera iptv leverant\u00f6rer men ingen har haft s\u00e5 bra och snabb support som ni har. Tack f\u00f6r en grym tj\u00e4nst!\t\t\t\t\t<\/div>\n\t\t\t\t\t\t\t\t\t<\/div>\n\t\t\t\t\t\t<div class=\"elementor-testimonial__footer\">\n\t\t\t\t\t\t\t\t<cite class=\"elementor-testimonial__cite\"><span class=\"elementor-testimonial__name\">G\u00f6sta<\/span><\/cite>\t\t\t<\/div>\n\t\t<\/div>\n\t\t\t\t\t\t\t\t<\/div>\n\t\t\t\t\t\t\t\t\t\t\t<div class=\"swiper-slide\" role=\"group\" aria-roledescription=\"slide\">\n\t\t\t\t\t\t\t\t\t<div class=\"elementor-testimonial\">\n\t\t\t\t\t\t\t<div class=\"elementor-testimonial__content\">\n\t\t\t\t\t<div class=\"elementor-testimonial__text\">\n\t\t\t\t\t\tHade problem med iptv appen och blev rekommenderad en annan app. Fungerar sjukt bra med mitt m\u00e5nadspaket d\u00e5 jag endast tittar n\u00e4r jag \u00e4r i Norge eller Belgien med jobbet.\t\t\t\t\t<\/div>\n\t\t\t\t\t\t\t\t\t<\/div>\n\t\t\t\t\t\t<div class=\"elementor-testimonial__footer\">\n\t\t\t\t\t\t\t\t<cite class=\"elementor-testimonial__cite\"><span class=\"elementor-testimonial__name\">Martina G<\/span><\/cite>\t\t\t<\/div>\n\t\t<\/div>\n\t\t\t\t\t\t\t\t<\/div>\n\t\t\t\t\t\t\t\t\t\t\t<div class=\"swiper-slide\" role=\"group\" aria-roledescription=\"slide\">\n\t\t\t\t\t\t\t\t\t<div class=\"elementor-testimonial\">\n\t\t\t\t\t\t\t<div class=\"elementor-testimonial__content\">\n\t\t\t\t\t<div class=\"elementor-testimonial__text\">\n\t\t\t\t\t\tTack f\u00f6r snabb support och smidig installation. Vet inte vart man tar bort sitt namn h\u00e4r men om ni publicerar detta vill jag g\u00e4rna vara anonym!\t\t\t\t\t<\/div>\n\t\t\t\t\t\t\t\t\t<\/div>\n\t\t\t\t\t\t<div class=\"elementor-testimonial__footer\">\n\t\t\t\t\t\t\t\t<cite class=\"elementor-testimonial__cite\"><span class=\"elementor-testimonial__name\">Anonym<\/span><\/cite>\t\t\t<\/div>\n\t\t<\/div>\n\t\t\t\t\t\t\t\t<\/div>\n\t\t\t\t\t\t\t\t\t<\/div>\n\t\t\t\t\t\t\t\t\t\t\t\t\t\t\t<div class=\"elementor-swiper-button elementor-swiper-button-prev\" role=\"button\" tabindex=\"0\" aria-label=\"Previous\">\n\t\t\t\t\t\t\t<i aria-hidden=\"true\" class=\"eicon-chevron-left\"><\/i>\t\t\t\t\t\t<\/div>\n\t\t\t\t\t\t<div class=\"elementor-swiper-button elementor-swiper-button-next\" role=\"button\" tabindex=\"0\" aria-label=\"Next\">\n\t\t\t\t\t\t\t<i aria-hidden=\"true\" class=\"eicon-chevron-right\"><\/i>\t\t\t\t\t\t<\/div>\n\t\t\t\t\t\t\t\t\t\t\t\t\t\t\t\t<div class=\"swiper-pagination\"><\/div>\n\t\t\t\t\t\t\t\t\t\t\t\t<\/div>\n\t\t\t\t<\/div>\n\t\t\t\t\t\t\t\t<\/div>\n\t\t\t\t<\/div>\n\t\t\t\t\t<\/div>\n\t\t<\/div>\n\t\t\t\t\t<\/div>\n\t\t<\/section>\n\t\t\t\t<\/div>\n\t\t","protected":false},"excerpt":{"rendered":"<p>Nedan ser du v\u00e5rt aktuella utbud av kanaler. Vill du se v\u00e5ra filmer, serier, dokument\u00e4rer och en massa andra titlar s\u00e5 f\u00e5r du beg\u00e4ra ett gratis test eller k\u00f6pa en m\u00e5nad d\u00e5 listan inneh\u00e5ller \u00f6ver 100.000 titlar och inte kan visas h\u00e4r. Observera att event som ska visas i framtiden inte \u00e4r med p\u00e5 dessa [&hellip;]<\/p>\n","protected":false},"author":3,"featured_media":0,"parent":0,"menu_order":0,"comment_status":"closed","ping_status":"closed","template":"","meta":{"footnotes":""},"class_list":["post-12524","page","type-page","status-publish","hentry"],"acf":[],"yoast_head":"<!-- This site is optimized with the Yoast SEO plugin v27.5 - https:\/\/yoast.com\/product\/yoast-seo-wordpress\/ -->\n<title>Utbud - IPTV Norge<\/title>\n<meta name=\"description\" content=\"H\u00e4r ser ni v\u00e5rt utbud av IPTV kanaler. Hos oss blir du aldrig besviken, dels f\u00f6r att vi har i princip allt du kan t\u00e4nka dig men ocks\u00e5...\" \/>\n<meta name=\"robots\" content=\"index, follow, max-snippet:-1, max-image-preview:large, max-video-preview:-1\" \/>\n<link rel=\"canonical\" href=\"https:\/\/iptvnorge.is\/sv\/utbud\/\" \/>\n<meta property=\"og:locale\" content=\"sv_SE\" \/>\n<meta property=\"og:type\" content=\"article\" \/>\n<meta property=\"og:title\" content=\"Utbud - IPTV Norge\" \/>\n<meta property=\"og:description\" content=\"H\u00e4r ser ni v\u00e5rt utbud av IPTV kanaler. Hos oss blir du aldrig besviken, dels f\u00f6r att vi har i princip allt du kan t\u00e4nka dig men ocks\u00e5...\" \/>\n<meta property=\"og:url\" content=\"https:\/\/iptvnorge.is\/sv\/utbud\/\" \/>\n<meta property=\"og:site_name\" content=\"IPTV Norge\" \/>\n<meta property=\"article:modified_time\" content=\"2023-10-09T18:09:28+00:00\" \/>\n<meta name=\"twitter:card\" content=\"summary_large_image\" \/>\n<meta name=\"twitter:site\" content=\"@iptvnorge\" \/>\n<meta name=\"twitter:label1\" content=\"Est. reading time\" \/>\n\t<meta name=\"twitter:data1\" content=\"2 minutes\" \/>\n<script type=\"application\/ld+json\" class=\"yoast-schema-graph\">{\"@context\":\"https:\\\/\\\/schema.org\",\"@graph\":[{\"@type\":\"WebPage\",\"@id\":\"https:\\\/\\\/iptvnorge.is\\\/sv\\\/utbud\\\/\",\"url\":\"https:\\\/\\\/iptvnorge.is\\\/sv\\\/utbud\\\/\",\"name\":\"Utbud - IPTV Norge\",\"isPartOf\":{\"@id\":\"https:\\\/\\\/iptvnorge.is\\\/sv\\\/#website\"},\"datePublished\":\"2023-05-11T10:21:38+00:00\",\"dateModified\":\"2023-10-09T18:09:28+00:00\",\"description\":\"H\u00e4r ser ni v\u00e5rt utbud av IPTV kanaler. Hos oss blir du aldrig besviken, dels f\u00f6r att vi har i princip allt du kan t\u00e4nka dig men ocks\u00e5...\",\"breadcrumb\":{\"@id\":\"https:\\\/\\\/iptvnorge.is\\\/sv\\\/utbud\\\/#breadcrumb\"},\"inLanguage\":\"sv-SE\",\"potentialAction\":[{\"@type\":\"ReadAction\",\"target\":[\"https:\\\/\\\/iptvnorge.is\\\/sv\\\/utbud\\\/\"]}]},{\"@type\":\"BreadcrumbList\",\"@id\":\"https:\\\/\\\/iptvnorge.is\\\/sv\\\/utbud\\\/#breadcrumb\",\"itemListElement\":[{\"@type\":\"ListItem\",\"position\":1,\"name\":\"Home\",\"item\":\"https:\\\/\\\/iptvnorge.is\\\/sv\\\/\"},{\"@type\":\"ListItem\",\"position\":2,\"name\":\"Utbud\"}]},{\"@type\":\"WebSite\",\"@id\":\"https:\\\/\\\/iptvnorge.is\\\/sv\\\/#website\",\"url\":\"https:\\\/\\\/iptvnorge.is\\\/sv\\\/\",\"name\":\"IPTV Norge\",\"description\":\"B\u00e4st p\u00e5 IPTV i Norge!\",\"publisher\":{\"@id\":\"https:\\\/\\\/iptvnorge.is\\\/sv\\\/#organization\"},\"alternateName\":\"IPTV Norge\",\"potentialAction\":[{\"@type\":\"SearchAction\",\"target\":{\"@type\":\"EntryPoint\",\"urlTemplate\":\"https:\\\/\\\/iptvnorge.is\\\/sv\\\/?s={search_term_string}\"},\"query-input\":{\"@type\":\"PropertyValueSpecification\",\"valueRequired\":true,\"valueName\":\"search_term_string\"}}],\"inLanguage\":\"sv-SE\"},{\"@type\":\"Organization\",\"@id\":\"https:\\\/\\\/iptvnorge.is\\\/sv\\\/#organization\",\"name\":\"IPTV Norge\",\"alternateName\":\"IPTV Norge\",\"url\":\"https:\\\/\\\/iptvnorge.is\\\/sv\\\/\",\"logo\":{\"@type\":\"ImageObject\",\"inLanguage\":\"sv-SE\",\"@id\":\"https:\\\/\\\/iptvnorge.is\\\/sv\\\/#\\\/schema\\\/logo\\\/image\\\/\",\"url\":\"https:\\\/\\\/e364rw2rzvq.exactdn.com\\\/wp-content\\\/uploads\\\/2023\\\/10\\\/IPTV-Norge-Favicon.png?strip=all&lossy=1&ssl=1\",\"contentUrl\":\"https:\\\/\\\/e364rw2rzvq.exactdn.com\\\/wp-content\\\/uploads\\\/2023\\\/10\\\/IPTV-Norge-Favicon.png?strip=all&lossy=1&ssl=1\",\"width\":512,\"height\":512,\"caption\":\"IPTV Norge\"},\"image\":{\"@id\":\"https:\\\/\\\/iptvnorge.is\\\/sv\\\/#\\\/schema\\\/logo\\\/image\\\/\"},\"sameAs\":[\"https:\\\/\\\/x.com\\\/iptvnorge\",\"https:\\\/\\\/pinterest.com\\\/iptvnorge\",\"https:\\\/\\\/tumblr.com\\\/iptvnorge\",\"https:\\\/\\\/www.reddit.com\\\/user\\\/iptvnorge\\\/\",\"https:\\\/\\\/quora.com\\\/iptvnorge\",\"https:\\\/\\\/www.tiktok.com\\\/@iptvnorge.is\"]}]}<\/script>\n<!-- \/ Yoast SEO plugin. -->","yoast_head_json":{"title":"Utbud - IPTV Norge","description":"H\u00e4r ser ni v\u00e5rt utbud av IPTV kanaler. Hos oss blir du aldrig besviken, dels f\u00f6r att vi har i princip allt du kan t\u00e4nka dig men ocks\u00e5...","robots":{"index":"index","follow":"follow","max-snippet":"max-snippet:-1","max-image-preview":"max-image-preview:large","max-video-preview":"max-video-preview:-1"},"canonical":"https:\/\/iptvnorge.is\/sv\/utbud\/","og_locale":"sv_SE","og_type":"article","og_title":"Utbud - IPTV Norge","og_description":"H\u00e4r ser ni v\u00e5rt utbud av IPTV kanaler. Hos oss blir du aldrig besviken, dels f\u00f6r att vi har i princip allt du kan t\u00e4nka dig men ocks\u00e5...","og_url":"https:\/\/iptvnorge.is\/sv\/utbud\/","og_site_name":"IPTV Norge","article_modified_time":"2023-10-09T18:09:28+00:00","twitter_card":"summary_large_image","twitter_site":"@iptvnorge","twitter_misc":{"Est. reading time":"2 minutes"},"schema":{"@context":"https:\/\/schema.org","@graph":[{"@type":"WebPage","@id":"https:\/\/iptvnorge.is\/sv\/utbud\/","url":"https:\/\/iptvnorge.is\/sv\/utbud\/","name":"Utbud - IPTV Norge","isPartOf":{"@id":"https:\/\/iptvnorge.is\/sv\/#website"},"datePublished":"2023-05-11T10:21:38+00:00","dateModified":"2023-10-09T18:09:28+00:00","description":"H\u00e4r ser ni v\u00e5rt utbud av IPTV kanaler. Hos oss blir du aldrig besviken, dels f\u00f6r att vi har i princip allt du kan t\u00e4nka dig men ocks\u00e5...","breadcrumb":{"@id":"https:\/\/iptvnorge.is\/sv\/utbud\/#breadcrumb"},"inLanguage":"sv-SE","potentialAction":[{"@type":"ReadAction","target":["https:\/\/iptvnorge.is\/sv\/utbud\/"]}]},{"@type":"BreadcrumbList","@id":"https:\/\/iptvnorge.is\/sv\/utbud\/#breadcrumb","itemListElement":[{"@type":"ListItem","position":1,"name":"Home","item":"https:\/\/iptvnorge.is\/sv\/"},{"@type":"ListItem","position":2,"name":"Utbud"}]},{"@type":"WebSite","@id":"https:\/\/iptvnorge.is\/sv\/#website","url":"https:\/\/iptvnorge.is\/sv\/","name":"IPTV Norge","description":"B\u00e4st p\u00e5 IPTV i Norge!","publisher":{"@id":"https:\/\/iptvnorge.is\/sv\/#organization"},"alternateName":"IPTV Norge","potentialAction":[{"@type":"SearchAction","target":{"@type":"EntryPoint","urlTemplate":"https:\/\/iptvnorge.is\/sv\/?s={search_term_string}"},"query-input":{"@type":"PropertyValueSpecification","valueRequired":true,"valueName":"search_term_string"}}],"inLanguage":"sv-SE"},{"@type":"Organization","@id":"https:\/\/iptvnorge.is\/sv\/#organization","name":"IPTV Norge","alternateName":"IPTV Norge","url":"https:\/\/iptvnorge.is\/sv\/","logo":{"@type":"ImageObject","inLanguage":"sv-SE","@id":"https:\/\/iptvnorge.is\/sv\/#\/schema\/logo\/image\/","url":"https:\/\/e364rw2rzvq.exactdn.com\/wp-content\/uploads\/2023\/10\/IPTV-Norge-Favicon.png?strip=all&lossy=1&ssl=1","contentUrl":"https:\/\/e364rw2rzvq.exactdn.com\/wp-content\/uploads\/2023\/10\/IPTV-Norge-Favicon.png?strip=all&lossy=1&ssl=1","width":512,"height":512,"caption":"IPTV Norge"},"image":{"@id":"https:\/\/iptvnorge.is\/sv\/#\/schema\/logo\/image\/"},"sameAs":["https:\/\/x.com\/iptvnorge","https:\/\/pinterest.com\/iptvnorge","https:\/\/tumblr.com\/iptvnorge","https:\/\/www.reddit.com\/user\/iptvnorge\/","https:\/\/quora.com\/iptvnorge","https:\/\/www.tiktok.com\/@iptvnorge.is"]}]}},"_links":{"self":[{"href":"https:\/\/iptvnorge.is\/sv\/wp-json\/wp\/v2\/pages\/12524","targetHints":{"allow":["GET"]}}],"collection":[{"href":"https:\/\/iptvnorge.is\/sv\/wp-json\/wp\/v2\/pages"}],"about":[{"href":"https:\/\/iptvnorge.is\/sv\/wp-json\/wp\/v2\/types\/page"}],"author":[{"embeddable":true,"href":"https:\/\/iptvnorge.is\/sv\/wp-json\/wp\/v2\/users\/3"}],"replies":[{"embeddable":true,"href":"https:\/\/iptvnorge.is\/sv\/wp-json\/wp\/v2\/comments?post=12524"}],"version-history":[{"count":0,"href":"https:\/\/iptvnorge.is\/sv\/wp-json\/wp\/v2\/pages\/12524\/revisions"}],"wp:attachment":[{"href":"https:\/\/iptvnorge.is\/sv\/wp-json\/wp\/v2\/media?parent=12524"}],"curies":[{"name":"wp","href":"https:\/\/api.w.org\/{rel}","templated":true}]}}