{"id":12162,"date":"2023-04-18T20:59:19","date_gmt":"2023-04-18T18:59:19","guid":{"rendered":"https:\/\/www.svenskiptv.com\/?page_id=12162"},"modified":"2023-04-18T20:59:19","modified_gmt":"2023-04-18T18:59:19","slug":"vilken-iptv-app-ar-bast","status":"publish","type":"page","link":"https:\/\/iptvnorge.is\/sv\/vilken-iptv-app-ar-bast\/","title":{"rendered":"Vilken IPTV app \u00e4r b\u00e4st?"},"content":{"rendered":"\t\t<div data-elementor-type=\"wp-page\" data-elementor-id=\"12162\" class=\"elementor elementor-12162\" data-elementor-post-type=\"page\">\n\t\t\t\t\t\t<section class=\"elementor-section elementor-top-section elementor-element elementor-element-4c332b2 elementor-section-boxed elementor-section-height-default elementor-section-height-default\" data-id=\"4c332b2\" data-element_type=\"section\" data-e-type=\"section\">\n\t\t\t\t\t\t<div class=\"elementor-container elementor-column-gap-default\">\n\t\t\t\t\t<div class=\"elementor-column elementor-col-100 elementor-top-column elementor-element elementor-element-8e34d64\" data-id=\"8e34d64\" data-element_type=\"column\" data-e-type=\"column\">\n\t\t\t<div class=\"elementor-widget-wrap elementor-element-populated\">\n\t\t\t\t\t\t<div class=\"elementor-element elementor-element-88d7041 elementor-widget elementor-widget-heading\" data-id=\"88d7041\" data-element_type=\"widget\" data-e-type=\"widget\" data-widget_type=\"heading.default\">\n\t\t\t\t<div class=\"elementor-widget-container\">\n\t\t\t\t\t<h1 class=\"elementor-heading-title elementor-size-default\">Vilken IPTV app \u00e4r b\u00e4st?<\/h1>\t\t\t\t<\/div>\n\t\t\t\t<\/div>\n\t\t\t\t\t<\/div>\n\t\t<\/div>\n\t\t\t\t\t<\/div>\n\t\t<\/section>\n\t\t\t\t<section class=\"elementor-section elementor-top-section elementor-element elementor-element-7d718c5 elementor-section-boxed elementor-section-height-default elementor-section-height-default\" data-id=\"7d718c5\" data-element_type=\"section\" data-e-type=\"section\">\n\t\t\t\t\t\t<div class=\"elementor-container elementor-column-gap-default\">\n\t\t\t\t\t<div class=\"elementor-column elementor-col-100 elementor-top-column elementor-element elementor-element-442d9bc\" data-id=\"442d9bc\" data-element_type=\"column\" data-e-type=\"column\">\n\t\t\t<div class=\"elementor-widget-wrap elementor-element-populated\">\n\t\t\t\t\t\t<div class=\"elementor-element elementor-element-d8e79d8 elementor-widget elementor-widget-text-editor\" data-id=\"d8e79d8\" data-element_type=\"widget\" data-e-type=\"widget\" data-widget_type=\"text-editor.default\">\n\t\t\t\t<div class=\"elementor-widget-container\">\n\t\t\t\t\t\t\t\t\t<p>Vilken IPTV app \u00e4r b\u00e4st? Den b\u00e4sta IPTV appen \u00e4r en app som \u00e4r enkel att komma ig\u00e5ng med, fungerar stabilt och har ett mycket anv\u00e4ndarv\u00e4nligt gr\u00e4nssnitt. Appen IPTV Smarters uppfyller nog dessa krav och skulle d\u00e4rf\u00f6r kunna betecknas som den b\u00e4sta appen.<\/p><p>F\u00f6ljande appar \u00e4r allts\u00e5 b\u00e4st enligt oss:<\/p><ul><li>IPTV Smarters (Pro &amp; Player Lite)<\/li><li>Tivimate<\/li><li>IPTVX<\/li><li>iPlay TV<\/li><\/ul><p>Sj\u00e4lvklart beror det p\u00e5 vilken enhet du anv\u00e4nder dig utav och appar kan \u00f6verlag bli s\u00e4mre och ostabila med tiden. D\u00e4rf\u00f6r rekommenderas alltid en box. Dock har ovanst\u00e5ende appar varit bra v\u00e4ldigt l\u00e4nge!<\/p>\t\t\t\t\t\t\t\t<\/div>\n\t\t\t\t<\/div>\n\t\t\t\t\t<\/div>\n\t\t<\/div>\n\t\t\t\t\t<\/div>\n\t\t<\/section>\n\t\t\t\t<section class=\"elementor-section elementor-top-section elementor-element elementor-element-fc45e6d elementor-section-boxed elementor-section-height-default elementor-section-height-default\" data-id=\"fc45e6d\" data-element_type=\"section\" data-e-type=\"section\">\n\t\t\t\t\t\t<div class=\"elementor-container elementor-column-gap-default\">\n\t\t\t\t\t<div class=\"elementor-column elementor-col-100 elementor-top-column elementor-element elementor-element-5853777\" data-id=\"5853777\" data-element_type=\"column\" data-e-type=\"column\">\n\t\t\t<div class=\"elementor-widget-wrap elementor-element-populated\">\n\t\t\t\t\t\t<div class=\"elementor-element elementor-element-790bec5 elementor-widget elementor-widget-heading\" data-id=\"790bec5\" data-element_type=\"widget\" data-e-type=\"widget\" data-widget_type=\"heading.default\">\n\t\t\t\t<div class=\"elementor-widget-container\">\n\t\t\t\t\t<h2 class=\"elementor-heading-title elementor-size-default\">B\u00e4sta IPTV appen kan variera<\/h2>\t\t\t\t<\/div>\n\t\t\t\t<\/div>\n\t\t\t\t\t<\/div>\n\t\t<\/div>\n\t\t\t\t\t<\/div>\n\t\t<\/section>\n\t\t\t\t<section class=\"elementor-section elementor-top-section elementor-element elementor-element-d7262af elementor-section-boxed elementor-section-height-default elementor-section-height-default\" data-id=\"d7262af\" data-element_type=\"section\" data-e-type=\"section\">\n\t\t\t\t\t\t<div class=\"elementor-container elementor-column-gap-default\">\n\t\t\t\t\t<div class=\"elementor-column elementor-col-100 elementor-top-column elementor-element elementor-element-f1dc63e\" data-id=\"f1dc63e\" data-element_type=\"column\" data-e-type=\"column\">\n\t\t\t<div class=\"elementor-widget-wrap elementor-element-populated\">\n\t\t\t\t\t\t<div class=\"elementor-element elementor-element-ef1d62c elementor-widget elementor-widget-text-editor\" data-id=\"ef1d62c\" data-element_type=\"widget\" data-e-type=\"widget\" data-widget_type=\"text-editor.default\">\n\t\t\t\t<div class=\"elementor-widget-container\">\n\t\t\t\t\t\t\t\t\t<p>Det \u00e4r dock inte s\u00e5 enkelt att bara kalla en app f\u00f6r den b\u00e4sta, IPTV Smarters i detta fall \u00e4r v\u00e4ldigt enkel att komma ig\u00e5ng med men det finns andra appar som \u00e4r stabilare och fungerar b\u00e4ttre p\u00e5 ett bredare spektrum av TV apparater och applikationer.<\/p><p>Appen Tivimate \u00e4r v\u00e4ldigt stabil och bra men har lite s\u00e4mre gr\u00e4nssnitt enligt oss, detta \u00e4r dock en smaksak och andra appar kan falla en i smaken. Det viktigaste \u00e4r alltid att appen har bra och snabb support om det skulle kr\u00e4vas.<\/p><p>Vill man vara p\u00e5 den s\u00e4kra sidan och inte vill k\u00f6pa en box s\u00e5 b\u00f6r man \u00e5tminstone ha en nyare TV med en stark processor och appar som inte \u00e4r s\u00e5 dyra s\u00e5 att man kan byta om den befintliga appen skulle b\u00f6rja strula. Du kan b\u00f6rja genom att testa <a href=\"https:\/\/svenskiptv.com\/iptv-med-mobil-surfplatta\">IPTV med mobilen<\/a> om du inte vill sl\u00e5 p\u00e5 stort fr\u00e5n b\u00f6rjan.<\/p>\t\t\t\t\t\t\t\t<\/div>\n\t\t\t\t<\/div>\n\t\t\t\t\t<\/div>\n\t\t<\/div>\n\t\t\t\t\t<\/div>\n\t\t<\/section>\n\t\t\t\t<section class=\"elementor-section elementor-top-section elementor-element elementor-element-0b09b2d elementor-section-boxed elementor-section-height-default elementor-section-height-default\" data-id=\"0b09b2d\" data-element_type=\"section\" data-e-type=\"section\">\n\t\t\t\t\t\t<div class=\"elementor-container elementor-column-gap-default\">\n\t\t\t\t\t<div class=\"elementor-column elementor-col-100 elementor-top-column elementor-element elementor-element-6e34216\" data-id=\"6e34216\" data-element_type=\"column\" data-e-type=\"column\">\n\t\t\t<div class=\"elementor-widget-wrap elementor-element-populated\">\n\t\t\t\t\t\t<div class=\"elementor-element elementor-element-2055539 elementor-widget elementor-widget-heading\" data-id=\"2055539\" data-element_type=\"widget\" data-e-type=\"widget\" data-widget_type=\"heading.default\">\n\t\t\t\t<div class=\"elementor-widget-container\">\n\t\t\t\t\t<h3 class=\"elementor-heading-title elementor-size-default\">Vilken av IPTV apparna kr\u00e5nglar?<\/h3>\t\t\t\t<\/div>\n\t\t\t\t<\/div>\n\t\t\t\t\t<\/div>\n\t\t<\/div>\n\t\t\t\t\t<\/div>\n\t\t<\/section>\n\t\t\t\t<section class=\"elementor-section elementor-top-section elementor-element elementor-element-7d0fa74 elementor-section-boxed elementor-section-height-default elementor-section-height-default\" data-id=\"7d0fa74\" data-element_type=\"section\" data-e-type=\"section\">\n\t\t\t\t\t\t<div class=\"elementor-container elementor-column-gap-default\">\n\t\t\t\t\t<div class=\"elementor-column elementor-col-100 elementor-top-column elementor-element elementor-element-65930fb\" data-id=\"65930fb\" data-element_type=\"column\" data-e-type=\"column\">\n\t\t\t<div class=\"elementor-widget-wrap elementor-element-populated\">\n\t\t\t\t\t\t<div class=\"elementor-element elementor-element-2f9065b elementor-widget elementor-widget-text-editor\" data-id=\"2f9065b\" data-element_type=\"widget\" data-e-type=\"widget\" data-widget_type=\"text-editor.default\">\n\t\t\t\t<div class=\"elementor-widget-container\">\n\t\t\t\t\t\t\t\t\t<p>Det \u00e4r tyv\u00e4rr vanligare med tiden att IPTV appar kr\u00e5nglar en del d\u00e5 listorna som IPTV leverant\u00f6rerna tillhandah\u00e5ller blir allt st\u00f6rre och mer kr\u00e4vande med tiden i takt med att vi g\u00e5r \u00f6ver mer till 4K. Den b\u00e4sta IPTV appen idag kanske inte \u00e4r lika bra imorgon, d\u00e4rf\u00f6r rekommenderas alltid en box som exempelvis TVIP 605 eller Apple TV.<\/p><p>Det \u00e4r allts\u00e5 vanligt att IPTV appar kan kr\u00e5ngla om listan blir f\u00f6r stor som \u00e4r uppladdad i din app. F\u00f6r att undvika detta kan man i vissa fall minska listan men det \u00e4r inte en l\u00e5ng och h\u00e5llbar l\u00f6sning d\u00e5 man ofta missar en stor del av utbudet som l\u00e4ggs till med tiden.<\/p><p>Boxen TVIP 605 syns p\u00e5 bilden nedan.<\/p>\t\t\t\t\t\t\t\t<\/div>\n\t\t\t\t<\/div>\n\t\t\t\t\t<\/div>\n\t\t<\/div>\n\t\t\t\t\t<\/div>\n\t\t<\/section>\n\t\t\t\t<section class=\"elementor-section elementor-top-section elementor-element elementor-element-5ac8238 elementor-section-boxed elementor-section-height-default elementor-section-height-default\" data-id=\"5ac8238\" data-element_type=\"section\" data-e-type=\"section\">\n\t\t\t\t\t\t<div class=\"elementor-container elementor-column-gap-default\">\n\t\t\t\t\t<div class=\"elementor-column elementor-col-100 elementor-top-column elementor-element elementor-element-d188dca\" data-id=\"d188dca\" data-element_type=\"column\" data-e-type=\"column\">\n\t\t\t<div class=\"elementor-widget-wrap elementor-element-populated\">\n\t\t\t\t\t\t<div class=\"elementor-element elementor-element-c487048 elementor-widget elementor-widget-image\" data-id=\"c487048\" data-element_type=\"widget\" data-e-type=\"widget\" data-widget_type=\"image.default\">\n\t\t\t\t<div class=\"elementor-widget-container\">\n\t\t\t\t\t\t\t\t\t\t\t\t\t\t\t<img decoding=\"async\" width=\"150\" height=\"150\" src=\"https:\/\/iptvnorge.is\/wp-content\/uploads\/2023\/03\/SvenskIPTV-TVIP-605-e1679007606680.jpg\" class=\"attachment-medium size-medium wp-image-11930\" alt=\"\" srcset=\"https:\/\/iptvnorge.is\/wp-content\/uploads\/2023\/03\/SvenskIPTV-TVIP-605-e1679007606680.jpg 150w, https:\/\/iptvnorge.is\/wp-content\/uploads\/2023\/03\/SvenskIPTV-TVIP-605-e1679007606680-100x100.jpg 100w\" sizes=\"(max-width: 150px) 100vw, 150px\" \/>\t\t\t\t\t\t\t\t\t\t\t\t\t\t\t<\/div>\n\t\t\t\t<\/div>\n\t\t\t\t<div class=\"elementor-element elementor-element-dd366ac elementor-align-center elementor-widget elementor-widget-button\" data-id=\"dd366ac\" data-element_type=\"widget\" data-e-type=\"widget\" data-widget_type=\"button.default\">\n\t\t\t\t<div class=\"elementor-widget-container\">\n\t\t\t\t\t\t\t\t\t<div class=\"elementor-button-wrapper\">\n\t\t\t\t\t<a class=\"elementor-button elementor-button-link elementor-size-sm\" href=\"https:\/\/www.svenskiptv.com\/packages\/\">\n\t\t\t\t\t\t<span class=\"elementor-button-content-wrapper\">\n\t\t\t\t\t\t\t\t\t<span class=\"elementor-button-text\">Prova IPTV<\/span>\n\t\t\t\t\t<\/span>\n\t\t\t\t\t<\/a>\n\t\t\t\t<\/div>\n\t\t\t\t\t\t\t\t<\/div>\n\t\t\t\t<\/div>\n\t\t\t\t\t<\/div>\n\t\t<\/div>\n\t\t\t\t\t<\/div>\n\t\t<\/section>\n\t\t\t\t<\/div>\n\t\t","protected":false},"excerpt":{"rendered":"<p>Vilken IPTV app \u00e4r b\u00e4st? Vilken IPTV app \u00e4r b\u00e4st? Den b\u00e4sta IPTV appen \u00e4r en app som \u00e4r enkel att komma ig\u00e5ng med, fungerar stabilt och har ett mycket anv\u00e4ndarv\u00e4nligt gr\u00e4nssnitt. Appen IPTV Smarters uppfyller nog dessa krav och skulle d\u00e4rf\u00f6r kunna betecknas som den b\u00e4sta appen. F\u00f6ljande appar \u00e4r allts\u00e5 b\u00e4st enligt oss: [&hellip;]<\/p>\n","protected":false},"author":3,"featured_media":0,"parent":0,"menu_order":0,"comment_status":"closed","ping_status":"closed","template":"","meta":{"footnotes":""},"class_list":["post-12162","page","type-page","status-publish","hentry"],"acf":[],"yoast_head":"<!-- This site is optimized with the Yoast SEO plugin v27.5 - https:\/\/yoast.com\/product\/yoast-seo-wordpress\/ -->\n<title>Vilken IPTV app \u00e4r b\u00e4st? - IPTV Norge<\/title>\n<meta name=\"description\" content=\"Vilken IPTV app \u00e4r b\u00e4st? En app som \u00e4r enkel att komma ig\u00e5ng med, fungerar stabilt och har ett mycket anv\u00e4ndarv\u00e4nligt gr\u00e4nssnitt. Appen...\" \/>\n<meta name=\"robots\" content=\"index, follow, max-snippet:-1, max-image-preview:large, max-video-preview:-1\" \/>\n<link rel=\"canonical\" href=\"https:\/\/iptvnorge.is\/sv\/vilken-iptv-app-ar-bast\/\" \/>\n<meta property=\"og:locale\" content=\"sv_SE\" \/>\n<meta property=\"og:type\" content=\"article\" \/>\n<meta property=\"og:title\" content=\"Vilken IPTV app \u00e4r b\u00e4st? - IPTV Norge\" \/>\n<meta property=\"og:description\" content=\"Vilken IPTV app \u00e4r b\u00e4st? En app som \u00e4r enkel att komma ig\u00e5ng med, fungerar stabilt och har ett mycket anv\u00e4ndarv\u00e4nligt gr\u00e4nssnitt. Appen...\" \/>\n<meta property=\"og:url\" content=\"https:\/\/iptvnorge.is\/sv\/vilken-iptv-app-ar-bast\/\" \/>\n<meta property=\"og:site_name\" content=\"IPTV Norge\" \/>\n<meta property=\"og:image\" content=\"https:\/\/www.svenskiptv.com\/wp-content\/uploads\/2023\/03\/SvenskIPTV-TVIP-605-300x300.jpg\" \/>\n<meta name=\"twitter:card\" content=\"summary_large_image\" \/>\n<meta name=\"twitter:site\" content=\"@iptvnorge\" \/>\n<meta name=\"twitter:label1\" content=\"Est. reading time\" \/>\n\t<meta name=\"twitter:data1\" content=\"2 minutes\" \/>\n<script type=\"application\/ld+json\" class=\"yoast-schema-graph\">{\"@context\":\"https:\\\/\\\/schema.org\",\"@graph\":[{\"@type\":\"WebPage\",\"@id\":\"https:\\\/\\\/iptvnorge.is\\\/sv\\\/vilken-iptv-app-ar-bast\\\/\",\"url\":\"https:\\\/\\\/iptvnorge.is\\\/sv\\\/vilken-iptv-app-ar-bast\\\/\",\"name\":\"Vilken IPTV app \u00e4r b\u00e4st? - IPTV Norge\",\"isPartOf\":{\"@id\":\"https:\\\/\\\/iptvnorge.is\\\/sv\\\/#website\"},\"primaryImageOfPage\":{\"@id\":\"https:\\\/\\\/iptvnorge.is\\\/sv\\\/vilken-iptv-app-ar-bast\\\/#primaryimage\"},\"image\":{\"@id\":\"https:\\\/\\\/iptvnorge.is\\\/sv\\\/vilken-iptv-app-ar-bast\\\/#primaryimage\"},\"thumbnailUrl\":\"https:\\\/\\\/www.svenskiptv.com\\\/wp-content\\\/uploads\\\/2023\\\/03\\\/SvenskIPTV-TVIP-605-300x300.jpg\",\"datePublished\":\"2023-04-18T18:59:19+00:00\",\"description\":\"Vilken IPTV app \u00e4r b\u00e4st? En app som \u00e4r enkel att komma ig\u00e5ng med, fungerar stabilt och har ett mycket anv\u00e4ndarv\u00e4nligt gr\u00e4nssnitt. Appen...\",\"breadcrumb\":{\"@id\":\"https:\\\/\\\/iptvnorge.is\\\/sv\\\/vilken-iptv-app-ar-bast\\\/#breadcrumb\"},\"inLanguage\":\"sv-SE\",\"potentialAction\":[{\"@type\":\"ReadAction\",\"target\":[\"https:\\\/\\\/iptvnorge.is\\\/sv\\\/vilken-iptv-app-ar-bast\\\/\"]}]},{\"@type\":\"ImageObject\",\"inLanguage\":\"sv-SE\",\"@id\":\"https:\\\/\\\/iptvnorge.is\\\/sv\\\/vilken-iptv-app-ar-bast\\\/#primaryimage\",\"url\":\"https:\\\/\\\/www.svenskiptv.com\\\/wp-content\\\/uploads\\\/2023\\\/03\\\/SvenskIPTV-TVIP-605-300x300.jpg\",\"contentUrl\":\"https:\\\/\\\/www.svenskiptv.com\\\/wp-content\\\/uploads\\\/2023\\\/03\\\/SvenskIPTV-TVIP-605-300x300.jpg\"},{\"@type\":\"BreadcrumbList\",\"@id\":\"https:\\\/\\\/iptvnorge.is\\\/sv\\\/vilken-iptv-app-ar-bast\\\/#breadcrumb\",\"itemListElement\":[{\"@type\":\"ListItem\",\"position\":1,\"name\":\"Home\",\"item\":\"https:\\\/\\\/iptvnorge.is\\\/sv\\\/\"},{\"@type\":\"ListItem\",\"position\":2,\"name\":\"Vilken IPTV app \u00e4r b\u00e4st?\"}]},{\"@type\":\"WebSite\",\"@id\":\"https:\\\/\\\/iptvnorge.is\\\/sv\\\/#website\",\"url\":\"https:\\\/\\\/iptvnorge.is\\\/sv\\\/\",\"name\":\"IPTV Norge\",\"description\":\"B\u00e4st p\u00e5 IPTV i Norge!\",\"publisher\":{\"@id\":\"https:\\\/\\\/iptvnorge.is\\\/sv\\\/#organization\"},\"alternateName\":\"IPTV Norge\",\"potentialAction\":[{\"@type\":\"SearchAction\",\"target\":{\"@type\":\"EntryPoint\",\"urlTemplate\":\"https:\\\/\\\/iptvnorge.is\\\/sv\\\/?s={search_term_string}\"},\"query-input\":{\"@type\":\"PropertyValueSpecification\",\"valueRequired\":true,\"valueName\":\"search_term_string\"}}],\"inLanguage\":\"sv-SE\"},{\"@type\":\"Organization\",\"@id\":\"https:\\\/\\\/iptvnorge.is\\\/sv\\\/#organization\",\"name\":\"IPTV Norge\",\"alternateName\":\"IPTV Norge\",\"url\":\"https:\\\/\\\/iptvnorge.is\\\/sv\\\/\",\"logo\":{\"@type\":\"ImageObject\",\"inLanguage\":\"sv-SE\",\"@id\":\"https:\\\/\\\/iptvnorge.is\\\/sv\\\/#\\\/schema\\\/logo\\\/image\\\/\",\"url\":\"https:\\\/\\\/e364rw2rzvq.exactdn.com\\\/wp-content\\\/uploads\\\/2023\\\/10\\\/IPTV-Norge-Favicon.png?strip=all&lossy=1&ssl=1\",\"contentUrl\":\"https:\\\/\\\/e364rw2rzvq.exactdn.com\\\/wp-content\\\/uploads\\\/2023\\\/10\\\/IPTV-Norge-Favicon.png?strip=all&lossy=1&ssl=1\",\"width\":512,\"height\":512,\"caption\":\"IPTV Norge\"},\"image\":{\"@id\":\"https:\\\/\\\/iptvnorge.is\\\/sv\\\/#\\\/schema\\\/logo\\\/image\\\/\"},\"sameAs\":[\"https:\\\/\\\/x.com\\\/iptvnorge\",\"https:\\\/\\\/pinterest.com\\\/iptvnorge\",\"https:\\\/\\\/tumblr.com\\\/iptvnorge\",\"https:\\\/\\\/www.reddit.com\\\/user\\\/iptvnorge\\\/\",\"https:\\\/\\\/quora.com\\\/iptvnorge\",\"https:\\\/\\\/www.tiktok.com\\\/@iptvnorge.is\"]}]}<\/script>\n<!-- \/ Yoast SEO plugin. -->","yoast_head_json":{"title":"Vilken IPTV app \u00e4r b\u00e4st? - IPTV Norge","description":"Vilken IPTV app \u00e4r b\u00e4st? En app som \u00e4r enkel att komma ig\u00e5ng med, fungerar stabilt och har ett mycket anv\u00e4ndarv\u00e4nligt gr\u00e4nssnitt. Appen...","robots":{"index":"index","follow":"follow","max-snippet":"max-snippet:-1","max-image-preview":"max-image-preview:large","max-video-preview":"max-video-preview:-1"},"canonical":"https:\/\/iptvnorge.is\/sv\/vilken-iptv-app-ar-bast\/","og_locale":"sv_SE","og_type":"article","og_title":"Vilken IPTV app \u00e4r b\u00e4st? - IPTV Norge","og_description":"Vilken IPTV app \u00e4r b\u00e4st? En app som \u00e4r enkel att komma ig\u00e5ng med, fungerar stabilt och har ett mycket anv\u00e4ndarv\u00e4nligt gr\u00e4nssnitt. Appen...","og_url":"https:\/\/iptvnorge.is\/sv\/vilken-iptv-app-ar-bast\/","og_site_name":"IPTV Norge","og_image":[{"url":"https:\/\/www.svenskiptv.com\/wp-content\/uploads\/2023\/03\/SvenskIPTV-TVIP-605-300x300.jpg","type":"","width":"","height":""}],"twitter_card":"summary_large_image","twitter_site":"@iptvnorge","twitter_misc":{"Est. reading time":"2 minutes"},"schema":{"@context":"https:\/\/schema.org","@graph":[{"@type":"WebPage","@id":"https:\/\/iptvnorge.is\/sv\/vilken-iptv-app-ar-bast\/","url":"https:\/\/iptvnorge.is\/sv\/vilken-iptv-app-ar-bast\/","name":"Vilken IPTV app \u00e4r b\u00e4st? - IPTV Norge","isPartOf":{"@id":"https:\/\/iptvnorge.is\/sv\/#website"},"primaryImageOfPage":{"@id":"https:\/\/iptvnorge.is\/sv\/vilken-iptv-app-ar-bast\/#primaryimage"},"image":{"@id":"https:\/\/iptvnorge.is\/sv\/vilken-iptv-app-ar-bast\/#primaryimage"},"thumbnailUrl":"https:\/\/www.svenskiptv.com\/wp-content\/uploads\/2023\/03\/SvenskIPTV-TVIP-605-300x300.jpg","datePublished":"2023-04-18T18:59:19+00:00","description":"Vilken IPTV app \u00e4r b\u00e4st? En app som \u00e4r enkel att komma ig\u00e5ng med, fungerar stabilt och har ett mycket anv\u00e4ndarv\u00e4nligt gr\u00e4nssnitt. Appen...","breadcrumb":{"@id":"https:\/\/iptvnorge.is\/sv\/vilken-iptv-app-ar-bast\/#breadcrumb"},"inLanguage":"sv-SE","potentialAction":[{"@type":"ReadAction","target":["https:\/\/iptvnorge.is\/sv\/vilken-iptv-app-ar-bast\/"]}]},{"@type":"ImageObject","inLanguage":"sv-SE","@id":"https:\/\/iptvnorge.is\/sv\/vilken-iptv-app-ar-bast\/#primaryimage","url":"https:\/\/www.svenskiptv.com\/wp-content\/uploads\/2023\/03\/SvenskIPTV-TVIP-605-300x300.jpg","contentUrl":"https:\/\/www.svenskiptv.com\/wp-content\/uploads\/2023\/03\/SvenskIPTV-TVIP-605-300x300.jpg"},{"@type":"BreadcrumbList","@id":"https:\/\/iptvnorge.is\/sv\/vilken-iptv-app-ar-bast\/#breadcrumb","itemListElement":[{"@type":"ListItem","position":1,"name":"Home","item":"https:\/\/iptvnorge.is\/sv\/"},{"@type":"ListItem","position":2,"name":"Vilken IPTV app \u00e4r b\u00e4st?"}]},{"@type":"WebSite","@id":"https:\/\/iptvnorge.is\/sv\/#website","url":"https:\/\/iptvnorge.is\/sv\/","name":"IPTV Norge","description":"B\u00e4st p\u00e5 IPTV i Norge!","publisher":{"@id":"https:\/\/iptvnorge.is\/sv\/#organization"},"alternateName":"IPTV Norge","potentialAction":[{"@type":"SearchAction","target":{"@type":"EntryPoint","urlTemplate":"https:\/\/iptvnorge.is\/sv\/?s={search_term_string}"},"query-input":{"@type":"PropertyValueSpecification","valueRequired":true,"valueName":"search_term_string"}}],"inLanguage":"sv-SE"},{"@type":"Organization","@id":"https:\/\/iptvnorge.is\/sv\/#organization","name":"IPTV Norge","alternateName":"IPTV Norge","url":"https:\/\/iptvnorge.is\/sv\/","logo":{"@type":"ImageObject","inLanguage":"sv-SE","@id":"https:\/\/iptvnorge.is\/sv\/#\/schema\/logo\/image\/","url":"https:\/\/e364rw2rzvq.exactdn.com\/wp-content\/uploads\/2023\/10\/IPTV-Norge-Favicon.png?strip=all&lossy=1&ssl=1","contentUrl":"https:\/\/e364rw2rzvq.exactdn.com\/wp-content\/uploads\/2023\/10\/IPTV-Norge-Favicon.png?strip=all&lossy=1&ssl=1","width":512,"height":512,"caption":"IPTV Norge"},"image":{"@id":"https:\/\/iptvnorge.is\/sv\/#\/schema\/logo\/image\/"},"sameAs":["https:\/\/x.com\/iptvnorge","https:\/\/pinterest.com\/iptvnorge","https:\/\/tumblr.com\/iptvnorge","https:\/\/www.reddit.com\/user\/iptvnorge\/","https:\/\/quora.com\/iptvnorge","https:\/\/www.tiktok.com\/@iptvnorge.is"]}]}},"_links":{"self":[{"href":"https:\/\/iptvnorge.is\/sv\/wp-json\/wp\/v2\/pages\/12162","targetHints":{"allow":["GET"]}}],"collection":[{"href":"https:\/\/iptvnorge.is\/sv\/wp-json\/wp\/v2\/pages"}],"about":[{"href":"https:\/\/iptvnorge.is\/sv\/wp-json\/wp\/v2\/types\/page"}],"author":[{"embeddable":true,"href":"https:\/\/iptvnorge.is\/sv\/wp-json\/wp\/v2\/users\/3"}],"replies":[{"embeddable":true,"href":"https:\/\/iptvnorge.is\/sv\/wp-json\/wp\/v2\/comments?post=12162"}],"version-history":[{"count":0,"href":"https:\/\/iptvnorge.is\/sv\/wp-json\/wp\/v2\/pages\/12162\/revisions"}],"wp:attachment":[{"href":"https:\/\/iptvnorge.is\/sv\/wp-json\/wp\/v2\/media?parent=12162"}],"curies":[{"name":"wp","href":"https:\/\/api.w.org\/{rel}","templated":true}]}}